{"id":1298,"date":"2025-09-29T18:12:08","date_gmt":"2025-09-29T16:12:08","guid":{"rendered":"https:\/\/ovee-architecture.fr\/?page_id=1298"},"modified":"2025-11-30T00:35:25","modified_gmt":"2025-11-29T23:35:25","slug":"rehabilitation-et-restructuration-dune-toulousaine","status":"publish","type":"page","link":"https:\/\/ovee-architecture.fr\/index.php\/rehabilitation-et-restructuration-dune-toulousaine\/","title":{"rendered":"R\u00e9habilitation et restructuration d&#8217;une toulousaine"},"content":{"rendered":"\t\t<div data-elementor-type=\"wp-page\" data-elementor-id=\"1298\" class=\"elementor elementor-1298\">\n\t\t\t\t<div class=\"elementor-element elementor-element-f539566 e-flex e-con-boxed e-con e-parent\" data-id=\"f539566\" data-element_type=\"container\" data-e-type=\"container\">\n\t\t\t\t\t<div class=\"e-con-inner\">\n\t\t\t\t<div class=\"elementor-element elementor-element-146b746 elementor-widget elementor-widget-spacer\" data-id=\"146b746\" data-element_type=\"widget\" data-e-type=\"widget\" data-widget_type=\"spacer.default\">\n\t\t\t\t<div class=\"elementor-widget-container\">\n\t\t\t\t\t\t\t<div class=\"elementor-spacer\">\n\t\t\t<div class=\"elementor-spacer-inner\"><\/div>\n\t\t<\/div>\n\t\t\t\t\t\t<\/div>\n\t\t\t\t<\/div>\n\t\t\t\t\t<\/div>\n\t\t\t\t<\/div>\n\t\t<div class=\"elementor-element elementor-element-6e34596 e-flex e-con-boxed e-con e-parent\" data-id=\"6e34596\" data-element_type=\"container\" data-e-type=\"container\">\n\t\t\t\t\t<div class=\"e-con-inner\">\n\t\t\t\t<div class=\"elementor-element elementor-element-bea4bb4 elementor-widget elementor-widget-heading\" data-id=\"bea4bb4\" data-element_type=\"widget\" data-e-type=\"widget\" data-widget_type=\"heading.default\">\n\t\t\t\t<div class=\"elementor-widget-container\">\n\t\t\t\t\t<h2 class=\"elementor-heading-title elementor-size-default\">Add Your Heading Text Here<\/h2>\t\t\t\t<\/div>\n\t\t\t\t<\/div>\n\t\t\t\t<div class=\"elementor-element elementor-element-ff51eda elementor-widget__width-initial elementor-widget elementor-widget-heading\" data-id=\"ff51eda\" data-element_type=\"widget\" data-e-type=\"widget\" data-widget_type=\"heading.default\">\n\t\t\t\t<div class=\"elementor-widget-container\">\n\t\t\t\t\t<h2 class=\"elementor-heading-title elementor-size-default\">DIANE . Toulouse. 31000<br><span style=\"font-size: 15px\">R\u00e9habilitation et restructuration d'une toulousaine<\/span><br><\/h2>\t\t\t\t<\/div>\n\t\t\t\t<\/div>\n\t\t\t\t\t<\/div>\n\t\t\t\t<\/div>\n\t\t<div class=\"elementor-element elementor-element-7aea13f e-flex e-con-boxed e-con e-parent\" data-id=\"7aea13f\" data-element_type=\"container\" data-e-type=\"container\">\n\t\t\t\t\t<div class=\"e-con-inner\">\n\t\t<div class=\"elementor-element elementor-element-7db6c75 e-con-full e-flex e-con e-child\" data-id=\"7db6c75\" data-element_type=\"container\" data-e-type=\"container\" data-settings=\"{&quot;background_background&quot;:&quot;classic&quot;}\">\n\t\t\t\t<div class=\"elementor-element elementor-element-2b89ca6 elementor-arrows-position-inside elementor-widget elementor-widget-image-carousel\" data-id=\"2b89ca6\" data-element_type=\"widget\" data-e-type=\"widget\" data-settings=\"{&quot;slides_to_show&quot;:&quot;1&quot;,&quot;navigation&quot;:&quot;arrows&quot;,&quot;autoplay&quot;:&quot;yes&quot;,&quot;pause_on_hover&quot;:&quot;yes&quot;,&quot;pause_on_interaction&quot;:&quot;yes&quot;,&quot;autoplay_speed&quot;:5000,&quot;infinite&quot;:&quot;yes&quot;,&quot;effect&quot;:&quot;slide&quot;,&quot;speed&quot;:500}\" data-widget_type=\"image-carousel.default\">\n\t\t\t\t<div class=\"elementor-widget-container\">\n\t\t\t\t\t\t\t<div class=\"elementor-image-carousel-wrapper swiper\" role=\"region\" aria-roledescription=\"carousel\" aria-label=\"Image Carousel\" dir=\"ltr\">\n\t\t\t<div class=\"elementor-image-carousel swiper-wrapper swiper-image-stretch\" aria-live=\"off\">\n\t\t\t\t\t\t\t\t<div class=\"swiper-slide\" role=\"group\" aria-roledescription=\"slide\" aria-label=\"1 of 6\"><figure class=\"swiper-slide-inner\"><img decoding=\"async\" class=\"swiper-slide-image\" src=\"https:\/\/ovee-architecture.fr\/wp-content\/uploads\/2024\/10\/DD2.jpg\" alt=\"DD2\" \/><\/figure><\/div><div class=\"swiper-slide\" role=\"group\" aria-roledescription=\"slide\" aria-label=\"2 of 6\"><figure class=\"swiper-slide-inner\"><img decoding=\"async\" class=\"swiper-slide-image\" src=\"https:\/\/ovee-architecture.fr\/wp-content\/uploads\/2024\/10\/DD1.jpg\" alt=\"DD1\" \/><\/figure><\/div><div class=\"swiper-slide\" role=\"group\" aria-roledescription=\"slide\" aria-label=\"3 of 6\"><figure class=\"swiper-slide-inner\"><img decoding=\"async\" class=\"swiper-slide-image\" src=\"https:\/\/ovee-architecture.fr\/wp-content\/uploads\/2024\/10\/1D.jpg\" alt=\"1D\" \/><\/figure><\/div><div class=\"swiper-slide\" role=\"group\" aria-roledescription=\"slide\" aria-label=\"4 of 6\"><figure class=\"swiper-slide-inner\"><img decoding=\"async\" class=\"swiper-slide-image\" src=\"https:\/\/ovee-architecture.fr\/wp-content\/uploads\/2024\/10\/2D.jpg\" alt=\"2D\" \/><\/figure><\/div><div class=\"swiper-slide\" role=\"group\" aria-roledescription=\"slide\" aria-label=\"5 of 6\"><figure class=\"swiper-slide-inner\"><img decoding=\"async\" class=\"swiper-slide-image\" src=\"https:\/\/ovee-architecture.fr\/wp-content\/uploads\/2024\/10\/3D.jpg\" alt=\"3D\" \/><\/figure><\/div><div class=\"swiper-slide\" role=\"group\" aria-roledescription=\"slide\" aria-label=\"6 of 6\"><figure class=\"swiper-slide-inner\"><img decoding=\"async\" class=\"swiper-slide-image\" src=\"https:\/\/ovee-architecture.fr\/wp-content\/uploads\/2024\/10\/4D.jpg\" alt=\"4D\" \/><\/figure><\/div>\t\t\t<\/div>\n\t\t\t\t\t\t\t\t\t\t\t\t<div class=\"elementor-swiper-button elementor-swiper-button-prev\" role=\"button\" tabindex=\"0\">\n\t\t\t\t\t\t<svg aria-hidden=\"true\" class=\"e-font-icon-svg e-eicon-chevron-left\" viewBox=\"0 0 1000 1000\" xmlns=\"http:\/\/www.w3.org\/2000\/svg\"><path d=\"M646 125C629 125 613 133 604 142L308 442C296 454 292 471 292 487 292 504 296 521 308 533L604 854C617 867 629 875 646 875 663 875 679 871 692 858 704 846 713 829 713 812 713 796 708 779 692 767L438 487 692 225C700 217 708 204 708 187 708 171 704 154 692 142 675 129 663 125 646 125Z\"><\/path><\/svg>\t\t\t\t\t<\/div>\n\t\t\t\t\t<div class=\"elementor-swiper-button elementor-swiper-button-next\" role=\"button\" tabindex=\"0\">\n\t\t\t\t\t\t<svg aria-hidden=\"true\" class=\"e-font-icon-svg e-eicon-chevron-right\" viewBox=\"0 0 1000 1000\" xmlns=\"http:\/\/www.w3.org\/2000\/svg\"><path d=\"M696 533C708 521 713 504 713 487 713 471 708 454 696 446L400 146C388 133 375 125 354 125 338 125 325 129 313 142 300 154 292 171 292 187 292 204 296 221 308 233L563 492 304 771C292 783 288 800 288 817 288 833 296 850 308 863 321 871 338 875 354 875 371 875 388 867 400 854L696 533Z\"><\/path><\/svg>\t\t\t\t\t<\/div>\n\t\t\t\t\n\t\t\t\t\t\t\t\t\t<\/div>\n\t\t\t\t\t\t<\/div>\n\t\t\t\t<\/div>\n\t\t\t\t<\/div>\n\t\t<div class=\"elementor-element elementor-element-003cce4 e-con-full e-flex e-con e-child\" data-id=\"003cce4\" data-element_type=\"container\" data-e-type=\"container\" data-settings=\"{&quot;background_background&quot;:&quot;classic&quot;}\">\n\t\t\t\t<div class=\"elementor-element elementor-element-97cbaf1 elementor-widget elementor-widget-text-editor\" data-id=\"97cbaf1\" data-element_type=\"widget\" data-e-type=\"widget\" data-widget_type=\"text-editor.default\">\n\t\t\t\t<div class=\"elementor-widget-container\">\n\t\t\t\t\t\t\t\t\t<p>\u00a0<\/p><p>\u00a0<\/p><p>\u00a0<\/p><p style=\"margin-bottom: 0px; font-style: normal; font-variant-caps: normal; font-width: normal; font-size: 13px; line-height: normal; font-family: 'Helvetica Neue'; font-size-adjust: none; font-kerning: auto; font-variant-alternates: normal; font-variant-ligatures: normal; font-variant-numeric: normal; font-variant-east-asian: normal; font-variant-position: normal; font-variant-emoji: normal; font-feature-settings: normal; font-optical-sizing: auto; font-variation-settings: normal;\">Le projet porte sur la r\u00e9novation d\u2019une Toulousaine situ\u00e9e au 15 rue Charles Baudelaire dans le quartier Ponts Jumeaux \u00e0 Toulouse.<\/p><p>\u00a0<\/p><p style=\"margin-bottom: 0px; font-style: normal; font-variant-caps: normal; font-width: normal; font-size: 13px; line-height: normal; font-family: 'Helvetica Neue'; font-size-adjust: none; font-kerning: auto; font-variant-alternates: normal; font-variant-ligatures: normal; font-variant-numeric: normal; font-variant-east-asian: normal; font-variant-position: normal; font-variant-emoji: normal; font-feature-settings: normal; font-optical-sizing: auto; font-variation-settings: normal;\">Le projet consiste \u00e0 r\u00e9nover la maison et restructurer son int\u00e9rieur. Une r\u00e9novation \u00e9nerg\u00e9tique est aussi n\u00e9cessaire pour pouvoir remettre \u00e0 niveau l\u2019habitation et pour permettre un confort int\u00e9rieur.\u00a0<span style=\"font-family: 'Helvetica Neue'; font-size: 13px; font-style: normal; font-variant-caps: normal; text-align: var(--text-align);\">Ainsi un syst\u00e8me de climatisation r\u00e9versible sera install\u00e9, ainsi qu\u2019un po\u00eale \u00e0 bois.<\/span><\/p><p>\u00a0<\/p><p style=\"margin-bottom: 0px; font-style: normal; font-variant-caps: normal; font-width: normal; font-size: 13px; line-height: normal; font-family: 'Helvetica Neue'; font-size-adjust: none; font-kerning: auto; font-variant-alternates: normal; font-variant-ligatures: normal; font-variant-numeric: normal; font-variant-east-asian: normal; font-variant-position: normal; font-variant-emoji: normal; font-feature-settings: normal; font-optical-sizing: auto; font-variation-settings: normal;\">Quelques murs se verront d\u00e9nud\u00e9e pour d\u00e9voiler la brique rouge toulousaine.<\/p><p style=\"margin-bottom: 0px; font-style: normal; font-variant-caps: normal; font-width: normal; font-size: 13px; line-height: normal; font-family: 'Helvetica Neue'; font-size-adjust: none; font-kerning: auto; font-variant-alternates: normal; font-variant-ligatures: normal; font-variant-numeric: normal; font-variant-east-asian: normal; font-variant-position: normal; font-variant-emoji: normal; font-feature-settings: normal; font-optical-sizing: auto; font-variation-settings: normal;\">La grande verri\u00e8re existante de la fa\u00e7ade arri\u00e8re se trouve \u00eatre v\u00e9tuste, mais repr\u00e9sente la pi\u00e8ce maitresse de cette petite maison, venant l\u2019ouvrir et l\u2019agrandir vers le jardin.<\/p><p style=\"margin-bottom: 0px; font-style: normal; font-variant-caps: normal; font-width: normal; font-size: 13px; line-height: normal; font-family: 'Helvetica Neue'; font-size-adjust: none; font-kerning: auto; font-variant-alternates: normal; font-variant-ligatures: normal; font-variant-numeric: normal; font-variant-east-asian: normal; font-variant-position: normal; font-variant-emoji: normal; font-feature-settings: normal; font-optical-sizing: auto; font-variation-settings: normal;\">Elle sera enti\u00e8rement reprise, pour en r\u00e9installer une nouvelle qui sera travaill\u00e9e dans un \u00e9quilibre g\u00e9om\u00e9trique et afin d\u2019apporter une bel \u00e9clairage naturel \u00e0 l\u2019int\u00e9rieur.<\/p><p>\u00a0<\/p><p style=\"margin-bottom: 0px; font-style: normal; font-variant-caps: normal; font-width: normal; font-size: 13px; line-height: normal; font-family: 'Helvetica Neue'; font-size-adjust: none; font-kerning: auto; font-variant-alternates: normal; font-variant-ligatures: normal; font-variant-numeric: normal; font-variant-east-asian: normal; font-variant-position: normal; font-variant-emoji: normal; font-feature-settings: normal; font-optical-sizing: auto; font-variation-settings: normal;\">La d\u00e9pendance accol\u00e9e \u00e0 la maison est tr\u00e8s us\u00e9e et construite sans isolation.<\/p><p style=\"margin-bottom: 0px; font-style: normal; font-variant-caps: normal; font-width: normal; font-size: 13px; line-height: normal; font-family: 'Helvetica Neue'; font-size-adjust: none; font-kerning: auto; font-variant-alternates: normal; font-variant-ligatures: normal; font-variant-numeric: normal; font-variant-east-asian: normal; font-variant-position: normal; font-variant-emoji: normal; font-feature-settings: normal; font-optical-sizing: auto; font-variation-settings: normal;\">Elle sera reconstruite selon les r\u00e8gles de l\u2019art pour accueillir une chambre et son dressing.<\/p><p style=\"margin-bottom: 0px; font-style: normal; font-variant-caps: normal; font-width: normal; font-size: 13px; line-height: normal; font-family: 'Helvetica Neue'; font-size-adjust: none; font-kerning: auto; font-variant-alternates: normal; font-variant-ligatures: normal; font-variant-numeric: normal; font-variant-east-asian: normal; font-variant-position: normal; font-variant-emoji: normal; font-feature-settings: normal; font-optical-sizing: auto; font-variation-settings: normal;\">Le projet apporte un confort moderne en respectant cette architecture local.<\/p><p>\u00a0<\/p><p style=\"margin-bottom: 0px; font-style: normal; font-variant-caps: normal; font-width: normal; font-size: 13px; line-height: normal; font-family: 'Helvetica Neue'; font-size-adjust: none; font-kerning: auto; font-variant-alternates: normal; font-variant-ligatures: normal; font-variant-numeric: normal; font-variant-east-asian: normal; font-variant-position: normal; font-variant-emoji: normal; font-feature-settings: normal; font-optical-sizing: auto; font-variation-settings: normal;\">Cette architecture pr\u00e9cieuse et authentique que repr\u00e9sente la maison toulousaine est tr\u00e8s menac\u00e9es dans la ville rouge par les promoteurs immobiliers, de par leurs situations, mais aussi par des r\u00e9novations ne respectant pas ces bijoux de l\u2019architecture fran\u00e7aise.<\/p>\t\t\t\t\t\t\t\t<\/div>\n\t\t\t\t<\/div>\n\t\t\t\t<\/div>\n\t\t\t\t\t<\/div>\n\t\t\t\t<\/div>\n\t\t<div class=\"elementor-element elementor-element-354c717 e-flex e-con-boxed e-con e-parent\" data-id=\"354c717\" data-element_type=\"container\" data-e-type=\"container\">\n\t\t\t\t\t<div class=\"e-con-inner\">\n\t\t\t\t<div class=\"elementor-element elementor-element-539d12b elementor-widget elementor-widget-spacer\" data-id=\"539d12b\" data-element_type=\"widget\" data-e-type=\"widget\" data-widget_type=\"spacer.default\">\n\t\t\t\t<div class=\"elementor-widget-container\">\n\t\t\t\t\t\t\t<div class=\"elementor-spacer\">\n\t\t\t<div class=\"elementor-spacer-inner\"><\/div>\n\t\t<\/div>\n\t\t\t\t\t\t<\/div>\n\t\t\t\t<\/div>\n\t\t\t\t\t<\/div>\n\t\t\t\t<\/div>\n\t\t<div class=\"elementor-element elementor-element-2b96835 e-flex e-con-boxed e-con e-parent\" data-id=\"2b96835\" data-element_type=\"container\" data-e-type=\"container\">\n\t\t\t\t\t<div class=\"e-con-inner\">\n\t\t\t\t\t<\/div>\n\t\t\t\t<\/div>\n\t\t<div class=\"elementor-element elementor-element-c86273b e-flex e-con-boxed e-con e-parent\" data-id=\"c86273b\" data-element_type=\"container\" data-e-type=\"container\">\n\t\t\t\t\t<div class=\"e-con-inner\">\n\t\t\t\t<div class=\"elementor-element elementor-element-7f6520d elementor-widget elementor-widget-spacer\" data-id=\"7f6520d\" data-element_type=\"widget\" data-e-type=\"widget\" data-widget_type=\"spacer.default\">\n\t\t\t\t<div class=\"elementor-widget-container\">\n\t\t\t\t\t\t\t<div class=\"elementor-spacer\">\n\t\t\t<div class=\"elementor-spacer-inner\"><\/div>\n\t\t<\/div>\n\t\t\t\t\t\t<\/div>\n\t\t\t\t<\/div>\n\t\t\t\t\t<\/div>\n\t\t\t\t<\/div>\n\t\t\t\t<\/div>\n\t\t","protected":false},"excerpt":{"rendered":"<p>Add Your Heading Text Here DIANE . Toulouse. 31000R\u00e9habilitation et restructuration d&#8217;une toulousaine \u00a0 \u00a0 \u00a0 Le projet porte sur la r\u00e9novation d\u2019une Toulousaine situ\u00e9e au 15 rue Charles Baudelaire dans le quartier Ponts Jumeaux \u00e0 Toulouse. \u00a0 Le projet consiste \u00e0 r\u00e9nover la maison et restructurer son int\u00e9rieur. Une r\u00e9novation \u00e9nerg\u00e9tique est aussi n\u00e9cessaire [&hellip;]<\/p>\n","protected":false},"author":1,"featured_media":0,"parent":0,"menu_order":0,"comment_status":"closed","ping_status":"closed","template":"","meta":{"footnotes":""},"class_list":["post-1298","page","type-page","status-publish","hentry","entry"],"yoast_head":"<!-- This site is optimized with the Yoast SEO plugin v24.2 - https:\/\/yoast.com\/wordpress\/plugins\/seo\/ -->\n<title>R\u00e9habilitation et restructuration d&#039;une toulousaine - Ov\u00e9e Architecture<\/title>\n<meta name=\"robots\" content=\"index, follow, max-snippet:-1, max-image-preview:large, max-video-preview:-1\" \/>\n<link rel=\"canonical\" href=\"https:\/\/ovee-architecture.fr\/index.php\/rehabilitation-et-restructuration-dune-toulousaine\/\" \/>\n<meta property=\"og:locale\" content=\"en_US\" \/>\n<meta property=\"og:type\" content=\"article\" \/>\n<meta property=\"og:title\" content=\"R\u00e9habilitation et restructuration d&#039;une toulousaine - Ov\u00e9e Architecture\" \/>\n<meta property=\"og:description\" content=\"Add Your Heading Text Here DIANE . Toulouse. 31000R\u00e9habilitation et restructuration d&#8217;une toulousaine \u00a0 \u00a0 \u00a0 Le projet porte sur la r\u00e9novation d\u2019une Toulousaine situ\u00e9e au 15 rue Charles Baudelaire dans le quartier Ponts Jumeaux \u00e0 Toulouse. \u00a0 Le projet consiste \u00e0 r\u00e9nover la maison et restructurer son int\u00e9rieur. Une r\u00e9novation \u00e9nerg\u00e9tique est aussi n\u00e9cessaire [&hellip;]\" \/>\n<meta property=\"og:url\" content=\"https:\/\/ovee-architecture.fr\/index.php\/rehabilitation-et-restructuration-dune-toulousaine\/\" \/>\n<meta property=\"og:site_name\" content=\"Ov\u00e9e Architecture\" \/>\n<meta property=\"article:modified_time\" content=\"2025-11-29T23:35:25+00:00\" \/>\n<meta property=\"og:image\" content=\"http:\/\/ovee-architecture.fr\/wp-content\/uploads\/2024\/10\/DD2.jpg\" \/>\n<meta name=\"twitter:card\" content=\"summary_large_image\" \/>\n<meta name=\"twitter:label1\" content=\"Est. reading time\" \/>\n\t<meta name=\"twitter:data1\" content=\"3 minutes\" \/>\n<script type=\"application\/ld+json\" class=\"yoast-schema-graph\">{\"@context\":\"https:\/\/schema.org\",\"@graph\":[{\"@type\":\"WebPage\",\"@id\":\"https:\/\/ovee-architecture.fr\/index.php\/rehabilitation-et-restructuration-dune-toulousaine\/\",\"url\":\"https:\/\/ovee-architecture.fr\/index.php\/rehabilitation-et-restructuration-dune-toulousaine\/\",\"name\":\"R\u00e9habilitation et restructuration d'une toulousaine - Ov\u00e9e Architecture\",\"isPartOf\":{\"@id\":\"https:\/\/ovee-architecture.fr\/#website\"},\"primaryImageOfPage\":{\"@id\":\"https:\/\/ovee-architecture.fr\/index.php\/rehabilitation-et-restructuration-dune-toulousaine\/#primaryimage\"},\"image\":{\"@id\":\"https:\/\/ovee-architecture.fr\/index.php\/rehabilitation-et-restructuration-dune-toulousaine\/#primaryimage\"},\"thumbnailUrl\":\"http:\/\/ovee-architecture.fr\/wp-content\/uploads\/2024\/10\/DD2.jpg\",\"datePublished\":\"2025-09-29T16:12:08+00:00\",\"dateModified\":\"2025-11-29T23:35:25+00:00\",\"breadcrumb\":{\"@id\":\"https:\/\/ovee-architecture.fr\/index.php\/rehabilitation-et-restructuration-dune-toulousaine\/#breadcrumb\"},\"inLanguage\":\"en-US\",\"potentialAction\":[{\"@type\":\"ReadAction\",\"target\":[\"https:\/\/ovee-architecture.fr\/index.php\/rehabilitation-et-restructuration-dune-toulousaine\/\"]}]},{\"@type\":\"ImageObject\",\"inLanguage\":\"en-US\",\"@id\":\"https:\/\/ovee-architecture.fr\/index.php\/rehabilitation-et-restructuration-dune-toulousaine\/#primaryimage\",\"url\":\"http:\/\/ovee-architecture.fr\/wp-content\/uploads\/2024\/10\/DD2.jpg\",\"contentUrl\":\"http:\/\/ovee-architecture.fr\/wp-content\/uploads\/2024\/10\/DD2.jpg\"},{\"@type\":\"BreadcrumbList\",\"@id\":\"https:\/\/ovee-architecture.fr\/index.php\/rehabilitation-et-restructuration-dune-toulousaine\/#breadcrumb\",\"itemListElement\":[{\"@type\":\"ListItem\",\"position\":1,\"name\":\"Accueil\",\"item\":\"https:\/\/ovee-architecture.fr\/\"},{\"@type\":\"ListItem\",\"position\":2,\"name\":\"R\u00e9habilitation et restructuration d&#8217;une toulousaine\"}]},{\"@type\":\"WebSite\",\"@id\":\"https:\/\/ovee-architecture.fr\/#website\",\"url\":\"https:\/\/ovee-architecture.fr\/\",\"name\":\"Ov\u00e9e Architecture\",\"description\":\" Architecture, architecture int\u00e9rieure, am\u00e9nagement, d\u00e9coration et art\",\"publisher\":{\"@id\":\"https:\/\/ovee-architecture.fr\/#organization\"},\"potentialAction\":[{\"@type\":\"SearchAction\",\"target\":{\"@type\":\"EntryPoint\",\"urlTemplate\":\"https:\/\/ovee-architecture.fr\/?s={search_term_string}\"},\"query-input\":{\"@type\":\"PropertyValueSpecification\",\"valueRequired\":true,\"valueName\":\"search_term_string\"}}],\"inLanguage\":\"en-US\"},{\"@type\":\"Organization\",\"@id\":\"https:\/\/ovee-architecture.fr\/#organization\",\"name\":\"Ov\u00e9e Architecture\",\"url\":\"https:\/\/ovee-architecture.fr\/\",\"logo\":{\"@type\":\"ImageObject\",\"inLanguage\":\"en-US\",\"@id\":\"https:\/\/ovee-architecture.fr\/#\/schema\/logo\/image\/\",\"url\":\"https:\/\/ovee-architecture.fr\/wp-content\/uploads\/2024\/10\/LOGO-OVEE.png\",\"contentUrl\":\"https:\/\/ovee-architecture.fr\/wp-content\/uploads\/2024\/10\/LOGO-OVEE.png\",\"width\":1165,\"height\":1036,\"caption\":\"Ov\u00e9e Architecture\"},\"image\":{\"@id\":\"https:\/\/ovee-architecture.fr\/#\/schema\/logo\/image\/\"}}]}<\/script>\n<!-- \/ Yoast SEO plugin. -->","yoast_head_json":{"title":"R\u00e9habilitation et restructuration d'une toulousaine - Ov\u00e9e Architecture","robots":{"index":"index","follow":"follow","max-snippet":"max-snippet:-1","max-image-preview":"max-image-preview:large","max-video-preview":"max-video-preview:-1"},"canonical":"https:\/\/ovee-architecture.fr\/index.php\/rehabilitation-et-restructuration-dune-toulousaine\/","og_locale":"en_US","og_type":"article","og_title":"R\u00e9habilitation et restructuration d'une toulousaine - Ov\u00e9e Architecture","og_description":"Add Your Heading Text Here DIANE . Toulouse. 31000R\u00e9habilitation et restructuration d&#8217;une toulousaine \u00a0 \u00a0 \u00a0 Le projet porte sur la r\u00e9novation d\u2019une Toulousaine situ\u00e9e au 15 rue Charles Baudelaire dans le quartier Ponts Jumeaux \u00e0 Toulouse. \u00a0 Le projet consiste \u00e0 r\u00e9nover la maison et restructurer son int\u00e9rieur. Une r\u00e9novation \u00e9nerg\u00e9tique est aussi n\u00e9cessaire [&hellip;]","og_url":"https:\/\/ovee-architecture.fr\/index.php\/rehabilitation-et-restructuration-dune-toulousaine\/","og_site_name":"Ov\u00e9e Architecture","article_modified_time":"2025-11-29T23:35:25+00:00","og_image":[{"url":"http:\/\/ovee-architecture.fr\/wp-content\/uploads\/2024\/10\/DD2.jpg","type":"","width":"","height":""}],"twitter_card":"summary_large_image","twitter_misc":{"Est. reading time":"3 minutes"},"schema":{"@context":"https:\/\/schema.org","@graph":[{"@type":"WebPage","@id":"https:\/\/ovee-architecture.fr\/index.php\/rehabilitation-et-restructuration-dune-toulousaine\/","url":"https:\/\/ovee-architecture.fr\/index.php\/rehabilitation-et-restructuration-dune-toulousaine\/","name":"R\u00e9habilitation et restructuration d'une toulousaine - Ov\u00e9e Architecture","isPartOf":{"@id":"https:\/\/ovee-architecture.fr\/#website"},"primaryImageOfPage":{"@id":"https:\/\/ovee-architecture.fr\/index.php\/rehabilitation-et-restructuration-dune-toulousaine\/#primaryimage"},"image":{"@id":"https:\/\/ovee-architecture.fr\/index.php\/rehabilitation-et-restructuration-dune-toulousaine\/#primaryimage"},"thumbnailUrl":"http:\/\/ovee-architecture.fr\/wp-content\/uploads\/2024\/10\/DD2.jpg","datePublished":"2025-09-29T16:12:08+00:00","dateModified":"2025-11-29T23:35:25+00:00","breadcrumb":{"@id":"https:\/\/ovee-architecture.fr\/index.php\/rehabilitation-et-restructuration-dune-toulousaine\/#breadcrumb"},"inLanguage":"en-US","potentialAction":[{"@type":"ReadAction","target":["https:\/\/ovee-architecture.fr\/index.php\/rehabilitation-et-restructuration-dune-toulousaine\/"]}]},{"@type":"ImageObject","inLanguage":"en-US","@id":"https:\/\/ovee-architecture.fr\/index.php\/rehabilitation-et-restructuration-dune-toulousaine\/#primaryimage","url":"http:\/\/ovee-architecture.fr\/wp-content\/uploads\/2024\/10\/DD2.jpg","contentUrl":"http:\/\/ovee-architecture.fr\/wp-content\/uploads\/2024\/10\/DD2.jpg"},{"@type":"BreadcrumbList","@id":"https:\/\/ovee-architecture.fr\/index.php\/rehabilitation-et-restructuration-dune-toulousaine\/#breadcrumb","itemListElement":[{"@type":"ListItem","position":1,"name":"Accueil","item":"https:\/\/ovee-architecture.fr\/"},{"@type":"ListItem","position":2,"name":"R\u00e9habilitation et restructuration d&#8217;une toulousaine"}]},{"@type":"WebSite","@id":"https:\/\/ovee-architecture.fr\/#website","url":"https:\/\/ovee-architecture.fr\/","name":"Ov\u00e9e Architecture","description":" Architecture, architecture int\u00e9rieure, am\u00e9nagement, d\u00e9coration et art","publisher":{"@id":"https:\/\/ovee-architecture.fr\/#organization"},"potentialAction":[{"@type":"SearchAction","target":{"@type":"EntryPoint","urlTemplate":"https:\/\/ovee-architecture.fr\/?s={search_term_string}"},"query-input":{"@type":"PropertyValueSpecification","valueRequired":true,"valueName":"search_term_string"}}],"inLanguage":"en-US"},{"@type":"Organization","@id":"https:\/\/ovee-architecture.fr\/#organization","name":"Ov\u00e9e Architecture","url":"https:\/\/ovee-architecture.fr\/","logo":{"@type":"ImageObject","inLanguage":"en-US","@id":"https:\/\/ovee-architecture.fr\/#\/schema\/logo\/image\/","url":"https:\/\/ovee-architecture.fr\/wp-content\/uploads\/2024\/10\/LOGO-OVEE.png","contentUrl":"https:\/\/ovee-architecture.fr\/wp-content\/uploads\/2024\/10\/LOGO-OVEE.png","width":1165,"height":1036,"caption":"Ov\u00e9e Architecture"},"image":{"@id":"https:\/\/ovee-architecture.fr\/#\/schema\/logo\/image\/"}}]}},"_links":{"self":[{"href":"https:\/\/ovee-architecture.fr\/index.php\/wp-json\/wp\/v2\/pages\/1298","targetHints":{"allow":["GET"]}}],"collection":[{"href":"https:\/\/ovee-architecture.fr\/index.php\/wp-json\/wp\/v2\/pages"}],"about":[{"href":"https:\/\/ovee-architecture.fr\/index.php\/wp-json\/wp\/v2\/types\/page"}],"author":[{"embeddable":true,"href":"https:\/\/ovee-architecture.fr\/index.php\/wp-json\/wp\/v2\/users\/1"}],"replies":[{"embeddable":true,"href":"https:\/\/ovee-architecture.fr\/index.php\/wp-json\/wp\/v2\/comments?post=1298"}],"version-history":[{"count":85,"href":"https:\/\/ovee-architecture.fr\/index.php\/wp-json\/wp\/v2\/pages\/1298\/revisions"}],"predecessor-version":[{"id":1741,"href":"https:\/\/ovee-architecture.fr\/index.php\/wp-json\/wp\/v2\/pages\/1298\/revisions\/1741"}],"wp:attachment":[{"href":"https:\/\/ovee-architecture.fr\/index.php\/wp-json\/wp\/v2\/media?parent=1298"}],"curies":[{"name":"wp","href":"https:\/\/api.w.org\/{rel}","templated":true}]}}