{"id":1300,"date":"2025-09-29T18:13:48","date_gmt":"2025-09-29T16:13:48","guid":{"rendered":"https:\/\/ovee-architecture.fr\/?page_id=1300"},"modified":"2025-11-30T00:41:07","modified_gmt":"2025-11-29T23:41:07","slug":"extension-dune-maison-a-castelginest","status":"publish","type":"page","link":"https:\/\/ovee-architecture.fr\/index.php\/extension-dune-maison-a-castelginest\/","title":{"rendered":"Extension d&#8217;une maison \u00e0 Castelginest\u200b"},"content":{"rendered":"\t\t<div data-elementor-type=\"wp-page\" data-elementor-id=\"1300\" class=\"elementor elementor-1300\">\n\t\t\t\t<div class=\"elementor-element elementor-element-8eaebaf e-flex e-con-boxed e-con e-parent\" data-id=\"8eaebaf\" data-element_type=\"container\" data-e-type=\"container\">\n\t\t\t\t\t<div class=\"e-con-inner\">\n\t\t\t\t<div class=\"elementor-element elementor-element-c8edc6d elementor-widget elementor-widget-spacer\" data-id=\"c8edc6d\" data-element_type=\"widget\" data-e-type=\"widget\" data-widget_type=\"spacer.default\">\n\t\t\t\t<div class=\"elementor-widget-container\">\n\t\t\t\t\t\t\t<div class=\"elementor-spacer\">\n\t\t\t<div class=\"elementor-spacer-inner\"><\/div>\n\t\t<\/div>\n\t\t\t\t\t\t<\/div>\n\t\t\t\t<\/div>\n\t\t\t\t\t<\/div>\n\t\t\t\t<\/div>\n\t\t<div class=\"elementor-element elementor-element-7c9e285 e-flex e-con-boxed e-con e-parent\" data-id=\"7c9e285\" data-element_type=\"container\" data-e-type=\"container\">\n\t\t\t\t\t<div class=\"e-con-inner\">\n\t\t\t\t<div class=\"elementor-element elementor-element-3cd0ee3 elementor-widget elementor-widget-heading\" data-id=\"3cd0ee3\" data-element_type=\"widget\" data-e-type=\"widget\" data-widget_type=\"heading.default\">\n\t\t\t\t<div class=\"elementor-widget-container\">\n\t\t\t\t\t<h2 class=\"elementor-heading-title elementor-size-default\">Add Your Heading Text Here<\/h2>\t\t\t\t<\/div>\n\t\t\t\t<\/div>\n\t\t\t\t<div class=\"elementor-element elementor-element-4577103 elementor-widget__width-initial elementor-widget elementor-widget-heading\" data-id=\"4577103\" data-element_type=\"widget\" data-e-type=\"widget\" data-widget_type=\"heading.default\">\n\t\t\t\t<div class=\"elementor-widget-container\">\n\t\t\t\t\t<h2 class=\"elementor-heading-title elementor-size-default\">Castelginest.31780\n<br><span style=\"font-size: 15px\">Extension d'une maison\u200b ddans un quartier r\u00e9sidentiel<\/span><br><\/h2>\t\t\t\t<\/div>\n\t\t\t\t<\/div>\n\t\t\t\t\t<\/div>\n\t\t\t\t<\/div>\n\t\t<div class=\"elementor-element elementor-element-a77858b e-flex e-con-boxed e-con e-parent\" data-id=\"a77858b\" data-element_type=\"container\" data-e-type=\"container\">\n\t\t\t\t\t<div class=\"e-con-inner\">\n\t\t<div class=\"elementor-element elementor-element-dcefced e-con-full e-flex e-con e-child\" data-id=\"dcefced\" data-element_type=\"container\" data-e-type=\"container\" data-settings=\"{&quot;background_background&quot;:&quot;classic&quot;}\">\n\t\t\t\t<div class=\"elementor-element elementor-element-d3db9aa elementor-arrows-position-inside elementor-widget elementor-widget-image-carousel\" data-id=\"d3db9aa\" data-element_type=\"widget\" data-e-type=\"widget\" data-settings=\"{&quot;slides_to_show&quot;:&quot;1&quot;,&quot;navigation&quot;:&quot;arrows&quot;,&quot;autoplay&quot;:&quot;yes&quot;,&quot;pause_on_hover&quot;:&quot;yes&quot;,&quot;pause_on_interaction&quot;:&quot;yes&quot;,&quot;autoplay_speed&quot;:5000,&quot;infinite&quot;:&quot;yes&quot;,&quot;effect&quot;:&quot;slide&quot;,&quot;speed&quot;:500}\" data-widget_type=\"image-carousel.default\">\n\t\t\t\t<div class=\"elementor-widget-container\">\n\t\t\t\t\t\t\t<div class=\"elementor-image-carousel-wrapper swiper\" role=\"region\" aria-roledescription=\"carousel\" aria-label=\"Image Carousel\" dir=\"ltr\">\n\t\t\t<div class=\"elementor-image-carousel swiper-wrapper swiper-image-stretch\" aria-live=\"off\">\n\t\t\t\t\t\t\t\t<div class=\"swiper-slide\" role=\"group\" aria-roledescription=\"slide\" aria-label=\"1 of 5\"><figure class=\"swiper-slide-inner\"><img decoding=\"async\" class=\"swiper-slide-image\" src=\"https:\/\/ovee-architecture.fr\/wp-content\/uploads\/2024\/10\/4cast.jpg\" alt=\"4cast\" \/><\/figure><\/div><div class=\"swiper-slide\" role=\"group\" aria-roledescription=\"slide\" aria-label=\"2 of 5\"><figure class=\"swiper-slide-inner\"><img decoding=\"async\" class=\"swiper-slide-image\" src=\"https:\/\/ovee-architecture.fr\/wp-content\/uploads\/2024\/10\/5cast.jpg\" alt=\"5cast\" \/><\/figure><\/div><div class=\"swiper-slide\" role=\"group\" aria-roledescription=\"slide\" aria-label=\"3 of 5\"><figure class=\"swiper-slide-inner\"><img decoding=\"async\" class=\"swiper-slide-image\" src=\"https:\/\/ovee-architecture.fr\/wp-content\/uploads\/2024\/10\/1-cast-copie.jpg\" alt=\"1 cast copie\" \/><\/figure><\/div><div class=\"swiper-slide\" role=\"group\" aria-roledescription=\"slide\" aria-label=\"4 of 5\"><figure class=\"swiper-slide-inner\"><img decoding=\"async\" class=\"swiper-slide-image\" src=\"https:\/\/ovee-architecture.fr\/wp-content\/uploads\/2024\/10\/2cast-copie.jpg\" alt=\"2cast copie\" \/><\/figure><\/div><div class=\"swiper-slide\" role=\"group\" aria-roledescription=\"slide\" aria-label=\"5 of 5\"><figure class=\"swiper-slide-inner\"><img decoding=\"async\" class=\"swiper-slide-image\" src=\"https:\/\/ovee-architecture.fr\/wp-content\/uploads\/2024\/10\/6cast.jpg\" alt=\"6cast\" \/><\/figure><\/div>\t\t\t<\/div>\n\t\t\t\t\t\t\t\t\t\t\t\t<div class=\"elementor-swiper-button elementor-swiper-button-prev\" role=\"button\" tabindex=\"0\">\n\t\t\t\t\t\t<svg aria-hidden=\"true\" class=\"e-font-icon-svg e-eicon-chevron-left\" viewBox=\"0 0 1000 1000\" xmlns=\"http:\/\/www.w3.org\/2000\/svg\"><path d=\"M646 125C629 125 613 133 604 142L308 442C296 454 292 471 292 487 292 504 296 521 308 533L604 854C617 867 629 875 646 875 663 875 679 871 692 858 704 846 713 829 713 812 713 796 708 779 692 767L438 487 692 225C700 217 708 204 708 187 708 171 704 154 692 142 675 129 663 125 646 125Z\"><\/path><\/svg>\t\t\t\t\t<\/div>\n\t\t\t\t\t<div class=\"elementor-swiper-button elementor-swiper-button-next\" role=\"button\" tabindex=\"0\">\n\t\t\t\t\t\t<svg aria-hidden=\"true\" class=\"e-font-icon-svg e-eicon-chevron-right\" viewBox=\"0 0 1000 1000\" xmlns=\"http:\/\/www.w3.org\/2000\/svg\"><path d=\"M696 533C708 521 713 504 713 487 713 471 708 454 696 446L400 146C388 133 375 125 354 125 338 125 325 129 313 142 300 154 292 171 292 187 292 204 296 221 308 233L563 492 304 771C292 783 288 800 288 817 288 833 296 850 308 863 321 871 338 875 354 875 371 875 388 867 400 854L696 533Z\"><\/path><\/svg>\t\t\t\t\t<\/div>\n\t\t\t\t\n\t\t\t\t\t\t\t\t\t<\/div>\n\t\t\t\t\t\t<\/div>\n\t\t\t\t<\/div>\n\t\t\t\t<\/div>\n\t\t<div class=\"elementor-element elementor-element-0cef721 e-con-full e-flex e-con e-child\" data-id=\"0cef721\" data-element_type=\"container\" data-e-type=\"container\" data-settings=\"{&quot;background_background&quot;:&quot;classic&quot;}\">\n\t\t\t\t<div class=\"elementor-element elementor-element-88c195b elementor-widget elementor-widget-text-editor\" data-id=\"88c195b\" data-element_type=\"widget\" data-e-type=\"widget\" data-widget_type=\"text-editor.default\">\n\t\t\t\t<div class=\"elementor-widget-container\">\n\t\t\t\t\t\t\t\t\t<p>Le projet porte sur l\u2019extension d\u2019une Habitation en Rez-de-Chauss\u00e9e, pour une famille qui s\u2019agrandit.<\/p><p>Il s\u2019agissait de cr\u00e9er une suite parentale ainsi qu\u2019un bureau, en repensant une entr\u00e9e fonctionnelle avec des toilettes pour invit\u00e9s.<\/p><p>Cette extension sera implant\u00e9 par en tenant compte de la nature du b\u00e2ti existant, d\u2019avantages de fonctionnalit\u00e9 et d\u2019usage ainsi que de la morphologique du parcellaire.<\/p><p>Il est \u00e9galement question par l\u2019implantation choisie de cr\u00e9er plus d\u2019intime autour de l\u2019espace piscine.<\/p>\t\t\t\t\t\t\t\t<\/div>\n\t\t\t\t<\/div>\n\t\t\t\t<\/div>\n\t\t\t\t\t<\/div>\n\t\t\t\t<\/div>\n\t\t<div class=\"elementor-element elementor-element-0d054ad e-flex e-con-boxed e-con e-parent\" data-id=\"0d054ad\" data-element_type=\"container\" data-e-type=\"container\">\n\t\t\t\t\t<div class=\"e-con-inner\">\n\t\t\t\t\t<\/div>\n\t\t\t\t<\/div>\n\t\t<div class=\"elementor-element elementor-element-eadcb37 e-flex e-con-boxed e-con e-parent\" data-id=\"eadcb37\" data-element_type=\"container\" data-e-type=\"container\">\n\t\t\t\t\t<div class=\"e-con-inner\">\n\t\t\t\t<div class=\"elementor-element elementor-element-e819638 elementor-widget elementor-widget-spacer\" data-id=\"e819638\" data-element_type=\"widget\" data-e-type=\"widget\" data-widget_type=\"spacer.default\">\n\t\t\t\t<div class=\"elementor-widget-container\">\n\t\t\t\t\t\t\t<div class=\"elementor-spacer\">\n\t\t\t<div class=\"elementor-spacer-inner\"><\/div>\n\t\t<\/div>\n\t\t\t\t\t\t<\/div>\n\t\t\t\t<\/div>\n\t\t\t\t\t<\/div>\n\t\t\t\t<\/div>\n\t\t\t\t<\/div>\n\t\t","protected":false},"excerpt":{"rendered":"<p>Add Your Heading Text Here Castelginest.31780 Extension d&#8217;une maison\u200b ddans un quartier r\u00e9sidentiel Le projet porte sur l\u2019extension d\u2019une Habitation en Rez-de-Chauss\u00e9e, pour une famille qui s\u2019agrandit. Il s\u2019agissait de cr\u00e9er une suite parentale ainsi qu\u2019un bureau, en repensant une entr\u00e9e fonctionnelle avec des toilettes pour invit\u00e9s. Cette extension sera implant\u00e9 par en tenant compte [&hellip;]<\/p>\n","protected":false},"author":1,"featured_media":0,"parent":0,"menu_order":0,"comment_status":"closed","ping_status":"closed","template":"","meta":{"footnotes":""},"class_list":["post-1300","page","type-page","status-publish","hentry","entry"],"yoast_head":"<!-- This site is optimized with the Yoast SEO plugin v24.2 - https:\/\/yoast.com\/wordpress\/plugins\/seo\/ -->\n<title>Extension d&#039;une maison \u00e0 Castelginest\u200b - Ov\u00e9e Architecture<\/title>\n<meta name=\"robots\" content=\"index, follow, max-snippet:-1, max-image-preview:large, max-video-preview:-1\" \/>\n<link rel=\"canonical\" href=\"https:\/\/ovee-architecture.fr\/index.php\/extension-dune-maison-a-castelginest\/\" \/>\n<meta property=\"og:locale\" content=\"en_US\" \/>\n<meta property=\"og:type\" content=\"article\" \/>\n<meta property=\"og:title\" content=\"Extension d&#039;une maison \u00e0 Castelginest\u200b - Ov\u00e9e Architecture\" \/>\n<meta property=\"og:description\" content=\"Add Your Heading Text Here Castelginest.31780 Extension d&#8217;une maison\u200b ddans un quartier r\u00e9sidentiel Le projet porte sur l\u2019extension d\u2019une Habitation en Rez-de-Chauss\u00e9e, pour une famille qui s\u2019agrandit. Il s\u2019agissait de cr\u00e9er une suite parentale ainsi qu\u2019un bureau, en repensant une entr\u00e9e fonctionnelle avec des toilettes pour invit\u00e9s. Cette extension sera implant\u00e9 par en tenant compte [&hellip;]\" \/>\n<meta property=\"og:url\" content=\"https:\/\/ovee-architecture.fr\/index.php\/extension-dune-maison-a-castelginest\/\" \/>\n<meta property=\"og:site_name\" content=\"Ov\u00e9e Architecture\" \/>\n<meta property=\"article:modified_time\" content=\"2025-11-29T23:41:07+00:00\" \/>\n<meta property=\"og:image\" content=\"http:\/\/ovee-architecture.fr\/wp-content\/uploads\/2024\/10\/4cast.jpg\" \/>\n<meta name=\"twitter:card\" content=\"summary_large_image\" \/>\n<meta name=\"twitter:label1\" content=\"Est. reading time\" \/>\n\t<meta name=\"twitter:data1\" content=\"2 minutes\" \/>\n<script type=\"application\/ld+json\" class=\"yoast-schema-graph\">{\"@context\":\"https:\/\/schema.org\",\"@graph\":[{\"@type\":\"WebPage\",\"@id\":\"https:\/\/ovee-architecture.fr\/index.php\/extension-dune-maison-a-castelginest\/\",\"url\":\"https:\/\/ovee-architecture.fr\/index.php\/extension-dune-maison-a-castelginest\/\",\"name\":\"Extension d'une maison \u00e0 Castelginest\u200b - Ov\u00e9e Architecture\",\"isPartOf\":{\"@id\":\"https:\/\/ovee-architecture.fr\/#website\"},\"primaryImageOfPage\":{\"@id\":\"https:\/\/ovee-architecture.fr\/index.php\/extension-dune-maison-a-castelginest\/#primaryimage\"},\"image\":{\"@id\":\"https:\/\/ovee-architecture.fr\/index.php\/extension-dune-maison-a-castelginest\/#primaryimage\"},\"thumbnailUrl\":\"http:\/\/ovee-architecture.fr\/wp-content\/uploads\/2024\/10\/4cast.jpg\",\"datePublished\":\"2025-09-29T16:13:48+00:00\",\"dateModified\":\"2025-11-29T23:41:07+00:00\",\"breadcrumb\":{\"@id\":\"https:\/\/ovee-architecture.fr\/index.php\/extension-dune-maison-a-castelginest\/#breadcrumb\"},\"inLanguage\":\"en-US\",\"potentialAction\":[{\"@type\":\"ReadAction\",\"target\":[\"https:\/\/ovee-architecture.fr\/index.php\/extension-dune-maison-a-castelginest\/\"]}]},{\"@type\":\"ImageObject\",\"inLanguage\":\"en-US\",\"@id\":\"https:\/\/ovee-architecture.fr\/index.php\/extension-dune-maison-a-castelginest\/#primaryimage\",\"url\":\"https:\/\/ovee-architecture.fr\/wp-content\/uploads\/2024\/10\/4cast.jpg\",\"contentUrl\":\"https:\/\/ovee-architecture.fr\/wp-content\/uploads\/2024\/10\/4cast.jpg\",\"width\":1000,\"height\":1000},{\"@type\":\"BreadcrumbList\",\"@id\":\"https:\/\/ovee-architecture.fr\/index.php\/extension-dune-maison-a-castelginest\/#breadcrumb\",\"itemListElement\":[{\"@type\":\"ListItem\",\"position\":1,\"name\":\"Accueil\",\"item\":\"https:\/\/ovee-architecture.fr\/\"},{\"@type\":\"ListItem\",\"position\":2,\"name\":\"Extension d&#8217;une maison \u00e0 Castelginest\u200b\"}]},{\"@type\":\"WebSite\",\"@id\":\"https:\/\/ovee-architecture.fr\/#website\",\"url\":\"https:\/\/ovee-architecture.fr\/\",\"name\":\"Ov\u00e9e Architecture\",\"description\":\" Architecture, architecture int\u00e9rieure, am\u00e9nagement, d\u00e9coration et art\",\"publisher\":{\"@id\":\"https:\/\/ovee-architecture.fr\/#organization\"},\"potentialAction\":[{\"@type\":\"SearchAction\",\"target\":{\"@type\":\"EntryPoint\",\"urlTemplate\":\"https:\/\/ovee-architecture.fr\/?s={search_term_string}\"},\"query-input\":{\"@type\":\"PropertyValueSpecification\",\"valueRequired\":true,\"valueName\":\"search_term_string\"}}],\"inLanguage\":\"en-US\"},{\"@type\":\"Organization\",\"@id\":\"https:\/\/ovee-architecture.fr\/#organization\",\"name\":\"Ov\u00e9e Architecture\",\"url\":\"https:\/\/ovee-architecture.fr\/\",\"logo\":{\"@type\":\"ImageObject\",\"inLanguage\":\"en-US\",\"@id\":\"https:\/\/ovee-architecture.fr\/#\/schema\/logo\/image\/\",\"url\":\"https:\/\/ovee-architecture.fr\/wp-content\/uploads\/2024\/10\/LOGO-OVEE.png\",\"contentUrl\":\"https:\/\/ovee-architecture.fr\/wp-content\/uploads\/2024\/10\/LOGO-OVEE.png\",\"width\":1165,\"height\":1036,\"caption\":\"Ov\u00e9e Architecture\"},\"image\":{\"@id\":\"https:\/\/ovee-architecture.fr\/#\/schema\/logo\/image\/\"}}]}<\/script>\n<!-- \/ Yoast SEO plugin. -->","yoast_head_json":{"title":"Extension d'une maison \u00e0 Castelginest\u200b - Ov\u00e9e Architecture","robots":{"index":"index","follow":"follow","max-snippet":"max-snippet:-1","max-image-preview":"max-image-preview:large","max-video-preview":"max-video-preview:-1"},"canonical":"https:\/\/ovee-architecture.fr\/index.php\/extension-dune-maison-a-castelginest\/","og_locale":"en_US","og_type":"article","og_title":"Extension d'une maison \u00e0 Castelginest\u200b - Ov\u00e9e Architecture","og_description":"Add Your Heading Text Here Castelginest.31780 Extension d&#8217;une maison\u200b ddans un quartier r\u00e9sidentiel Le projet porte sur l\u2019extension d\u2019une Habitation en Rez-de-Chauss\u00e9e, pour une famille qui s\u2019agrandit. Il s\u2019agissait de cr\u00e9er une suite parentale ainsi qu\u2019un bureau, en repensant une entr\u00e9e fonctionnelle avec des toilettes pour invit\u00e9s. Cette extension sera implant\u00e9 par en tenant compte [&hellip;]","og_url":"https:\/\/ovee-architecture.fr\/index.php\/extension-dune-maison-a-castelginest\/","og_site_name":"Ov\u00e9e Architecture","article_modified_time":"2025-11-29T23:41:07+00:00","og_image":[{"url":"http:\/\/ovee-architecture.fr\/wp-content\/uploads\/2024\/10\/4cast.jpg","type":"","width":"","height":""}],"twitter_card":"summary_large_image","twitter_misc":{"Est. reading time":"2 minutes"},"schema":{"@context":"https:\/\/schema.org","@graph":[{"@type":"WebPage","@id":"https:\/\/ovee-architecture.fr\/index.php\/extension-dune-maison-a-castelginest\/","url":"https:\/\/ovee-architecture.fr\/index.php\/extension-dune-maison-a-castelginest\/","name":"Extension d'une maison \u00e0 Castelginest\u200b - Ov\u00e9e Architecture","isPartOf":{"@id":"https:\/\/ovee-architecture.fr\/#website"},"primaryImageOfPage":{"@id":"https:\/\/ovee-architecture.fr\/index.php\/extension-dune-maison-a-castelginest\/#primaryimage"},"image":{"@id":"https:\/\/ovee-architecture.fr\/index.php\/extension-dune-maison-a-castelginest\/#primaryimage"},"thumbnailUrl":"http:\/\/ovee-architecture.fr\/wp-content\/uploads\/2024\/10\/4cast.jpg","datePublished":"2025-09-29T16:13:48+00:00","dateModified":"2025-11-29T23:41:07+00:00","breadcrumb":{"@id":"https:\/\/ovee-architecture.fr\/index.php\/extension-dune-maison-a-castelginest\/#breadcrumb"},"inLanguage":"en-US","potentialAction":[{"@type":"ReadAction","target":["https:\/\/ovee-architecture.fr\/index.php\/extension-dune-maison-a-castelginest\/"]}]},{"@type":"ImageObject","inLanguage":"en-US","@id":"https:\/\/ovee-architecture.fr\/index.php\/extension-dune-maison-a-castelginest\/#primaryimage","url":"https:\/\/ovee-architecture.fr\/wp-content\/uploads\/2024\/10\/4cast.jpg","contentUrl":"https:\/\/ovee-architecture.fr\/wp-content\/uploads\/2024\/10\/4cast.jpg","width":1000,"height":1000},{"@type":"BreadcrumbList","@id":"https:\/\/ovee-architecture.fr\/index.php\/extension-dune-maison-a-castelginest\/#breadcrumb","itemListElement":[{"@type":"ListItem","position":1,"name":"Accueil","item":"https:\/\/ovee-architecture.fr\/"},{"@type":"ListItem","position":2,"name":"Extension d&#8217;une maison \u00e0 Castelginest\u200b"}]},{"@type":"WebSite","@id":"https:\/\/ovee-architecture.fr\/#website","url":"https:\/\/ovee-architecture.fr\/","name":"Ov\u00e9e Architecture","description":" Architecture, architecture int\u00e9rieure, am\u00e9nagement, d\u00e9coration et art","publisher":{"@id":"https:\/\/ovee-architecture.fr\/#organization"},"potentialAction":[{"@type":"SearchAction","target":{"@type":"EntryPoint","urlTemplate":"https:\/\/ovee-architecture.fr\/?s={search_term_string}"},"query-input":{"@type":"PropertyValueSpecification","valueRequired":true,"valueName":"search_term_string"}}],"inLanguage":"en-US"},{"@type":"Organization","@id":"https:\/\/ovee-architecture.fr\/#organization","name":"Ov\u00e9e Architecture","url":"https:\/\/ovee-architecture.fr\/","logo":{"@type":"ImageObject","inLanguage":"en-US","@id":"https:\/\/ovee-architecture.fr\/#\/schema\/logo\/image\/","url":"https:\/\/ovee-architecture.fr\/wp-content\/uploads\/2024\/10\/LOGO-OVEE.png","contentUrl":"https:\/\/ovee-architecture.fr\/wp-content\/uploads\/2024\/10\/LOGO-OVEE.png","width":1165,"height":1036,"caption":"Ov\u00e9e Architecture"},"image":{"@id":"https:\/\/ovee-architecture.fr\/#\/schema\/logo\/image\/"}}]}},"_links":{"self":[{"href":"https:\/\/ovee-architecture.fr\/index.php\/wp-json\/wp\/v2\/pages\/1300","targetHints":{"allow":["GET"]}}],"collection":[{"href":"https:\/\/ovee-architecture.fr\/index.php\/wp-json\/wp\/v2\/pages"}],"about":[{"href":"https:\/\/ovee-architecture.fr\/index.php\/wp-json\/wp\/v2\/types\/page"}],"author":[{"embeddable":true,"href":"https:\/\/ovee-architecture.fr\/index.php\/wp-json\/wp\/v2\/users\/1"}],"replies":[{"embeddable":true,"href":"https:\/\/ovee-architecture.fr\/index.php\/wp-json\/wp\/v2\/comments?post=1300"}],"version-history":[{"count":31,"href":"https:\/\/ovee-architecture.fr\/index.php\/wp-json\/wp\/v2\/pages\/1300\/revisions"}],"predecessor-version":[{"id":1744,"href":"https:\/\/ovee-architecture.fr\/index.php\/wp-json\/wp\/v2\/pages\/1300\/revisions\/1744"}],"wp:attachment":[{"href":"https:\/\/ovee-architecture.fr\/index.php\/wp-json\/wp\/v2\/media?parent=1300"}],"curies":[{"name":"wp","href":"https:\/\/api.w.org\/{rel}","templated":true}]}}