{"id":23,"date":"2024-10-09T18:06:50","date_gmt":"2024-10-09T16:06:50","guid":{"rendered":"https:\/\/ovee-architecture.fr\/?page_id=23"},"modified":"2025-11-30T14:56:51","modified_gmt":"2025-11-30T13:56:51","slug":"accueil","status":"publish","type":"page","link":"https:\/\/ovee-architecture.fr\/","title":{"rendered":"\u00c0 propos"},"content":{"rendered":"\t\t<div data-elementor-type=\"wp-page\" data-elementor-id=\"23\" class=\"elementor elementor-23\">\n\t\t\t\t<div class=\"elementor-element elementor-element-6dfd3b6 e-flex e-con-boxed e-con e-parent\" data-id=\"6dfd3b6\" data-element_type=\"container\" data-e-type=\"container\">\n\t\t\t\t\t<div class=\"e-con-inner\">\n\t\t\t\t\t<\/div>\n\t\t\t\t<\/div>\n\t\t<div class=\"elementor-element elementor-element-ce66951 e-flex e-con-boxed e-con e-parent\" data-id=\"ce66951\" data-element_type=\"container\" data-e-type=\"container\">\n\t\t\t\t\t<div class=\"e-con-inner\">\n\t\t\t\t<div class=\"elementor-element elementor-element-f990a14 elementor-widget elementor-widget-spacer\" data-id=\"f990a14\" data-element_type=\"widget\" data-e-type=\"widget\" data-widget_type=\"spacer.default\">\n\t\t\t\t<div class=\"elementor-widget-container\">\n\t\t\t\t\t\t\t<div class=\"elementor-spacer\">\n\t\t\t<div class=\"elementor-spacer-inner\"><\/div>\n\t\t<\/div>\n\t\t\t\t\t\t<\/div>\n\t\t\t\t<\/div>\n\t\t\t\t\t<\/div>\n\t\t\t\t<\/div>\n\t\t<div class=\"elementor-element elementor-element-0da9028 e-con-full e-flex e-con e-parent\" data-id=\"0da9028\" data-element_type=\"container\" data-e-type=\"container\">\n\t\t\t\t<div class=\"elementor-element elementor-element-3de3d2e elementor-widget__width-inherit elementor-pagination-position-outside elementor-widget elementor-widget-image-carousel\" data-id=\"3de3d2e\" data-element_type=\"widget\" data-e-type=\"widget\" data-settings=\"{&quot;slides_to_show&quot;:&quot;1&quot;,&quot;navigation&quot;:&quot;dots&quot;,&quot;effect&quot;:&quot;fade&quot;,&quot;autoplay&quot;:&quot;yes&quot;,&quot;pause_on_hover&quot;:&quot;yes&quot;,&quot;pause_on_interaction&quot;:&quot;yes&quot;,&quot;autoplay_speed&quot;:5000,&quot;infinite&quot;:&quot;yes&quot;,&quot;speed&quot;:500}\" data-widget_type=\"image-carousel.default\">\n\t\t\t\t<div class=\"elementor-widget-container\">\n\t\t\t\t\t\t\t<div class=\"elementor-image-carousel-wrapper swiper\" role=\"region\" aria-roledescription=\"carousel\" aria-label=\"Image Carousel\" dir=\"ltr\">\n\t\t\t<div class=\"elementor-image-carousel swiper-wrapper\" aria-live=\"off\">\n\t\t\t\t\t\t\t\t<div class=\"swiper-slide\" role=\"group\" aria-roledescription=\"slide\" aria-label=\"1 of 5\"><figure class=\"swiper-slide-inner\"><img decoding=\"async\" class=\"swiper-slide-image\" src=\"https:\/\/ovee-architecture.fr\/wp-content\/uploads\/2024\/10\/e-scaled.jpg\" alt=\"e\" \/><\/figure><\/div><div class=\"swiper-slide\" role=\"group\" aria-roledescription=\"slide\" aria-label=\"2 of 5\"><figure class=\"swiper-slide-inner\"><img decoding=\"async\" class=\"swiper-slide-image\" src=\"https:\/\/ovee-architecture.fr\/wp-content\/uploads\/2024\/10\/d-scaled.jpg\" alt=\"d\" \/><\/figure><\/div><div class=\"swiper-slide\" role=\"group\" aria-roledescription=\"slide\" aria-label=\"3 of 5\"><figure class=\"swiper-slide-inner\"><img decoding=\"async\" class=\"swiper-slide-image\" src=\"https:\/\/ovee-architecture.fr\/wp-content\/uploads\/2024\/10\/f-scaled.jpg\" alt=\"f\" \/><\/figure><\/div><div class=\"swiper-slide\" role=\"group\" aria-roledescription=\"slide\" aria-label=\"4 of 5\"><figure class=\"swiper-slide-inner\"><img decoding=\"async\" class=\"swiper-slide-image\" src=\"https:\/\/ovee-architecture.fr\/wp-content\/uploads\/2024\/10\/b-scaled.jpg\" alt=\"b\" \/><\/figure><\/div><div class=\"swiper-slide\" role=\"group\" aria-roledescription=\"slide\" aria-label=\"5 of 5\"><figure class=\"swiper-slide-inner\"><img decoding=\"async\" class=\"swiper-slide-image\" src=\"https:\/\/ovee-architecture.fr\/wp-content\/uploads\/2024\/10\/a-scaled.jpg\" alt=\"a\" \/><\/figure><\/div>\t\t\t<\/div>\n\t\t\t\t\t\t\t\n\t\t\t\t\t\t\t\t\t<div class=\"swiper-pagination\"><\/div>\n\t\t\t\t\t\t\t\t\t<\/div>\n\t\t\t\t\t\t<\/div>\n\t\t\t\t<\/div>\n\t\t\t\t<\/div>\n\t\t<div class=\"elementor-element elementor-element-3d7ed9e e-flex e-con-boxed e-con e-parent\" data-id=\"3d7ed9e\" data-element_type=\"container\" data-e-type=\"container\" data-settings=\"{&quot;background_background&quot;:&quot;classic&quot;}\">\n\t\t\t\t\t<div class=\"e-con-inner\">\n\t\t<div class=\"elementor-element elementor-element-14f1998 e-con-full e-flex e-con e-child\" data-id=\"14f1998\" data-element_type=\"container\" data-e-type=\"container\">\n\t\t\t\t<div class=\"elementor-element elementor-element-31df687 elementor-widget elementor-widget-heading\" data-id=\"31df687\" data-element_type=\"widget\" data-e-type=\"widget\" data-widget_type=\"heading.default\">\n\t\t\t\t<div class=\"elementor-widget-container\">\n\t\t\t\t\t<h2 class=\"elementor-heading-title elementor-size-default\"><p style=\"margin-bottom: 0px;font-style: normal;font-size: 13px;line-height: normal\">Titulaire du dipl\u00f4me d'Architecte DESA HMONP, je m'installe en Centre Val de Loire avec une expertise solide, forg\u00e9e par des ann\u00e9es d\u2019exp\u00e9rience en tant que chef de projets au sein de prestigieuses agences parisiennes et internationales.<\/p><p><\/p>\n<p style=\"margin-bottom: 0px;font-style: normal;font-size: 13px;line-height: normal\">J'exerce en tant que ma\u00eetre d\u2019\u0153uvre ind\u00e9pendant, dans toute la France et \u00e0 l'\u00e9tranger. Je prends en charge des projets d\u2019am\u00e9nagement, de construction et de restructuration&nbsp;et tout projet de travaux portant la surface totale de l\u2019habitation \u00e0<span style=\"font-size: 13px;font-style: normal\"> 150 m\u00b2 ou moins.<\/span><\/p><p><\/p>\n<p style=\"margin-bottom: 0px;font-style: normal;font-size: 13px;line-height: normal\">Au fil de nombreux projets, j'ai acquis une comp\u00e9tence pointue en gestion architecturale, en conception et en coordination de chantier, alliant ma\u00eetrise technique et sens artistique. Chaque projet a contribu\u00e9 \u00e0 enrichir un savoir-faire, permettant de d\u00e9velopper une vision globale et pragmatique de l\u2019architecture, tout en restant \u00e0 l\u2019\u00e9coute des exigences sp\u00e9cifiques de mes clients.<\/p>\n<p style=\"margin-bottom: 0px;font-style: normal;font-size: 13px;line-height: normal\">Je souhaite m\u2019inscrire dans une dynamique de proximit\u00e9 et de dialogue constant avec le territoire et ses acteurs. j'interviens principalement sur des projets de r\u00e9habilitation de b\u00e2timents existants, ainsi que sur la construction de maisons individuelles, en proposant un accompagnement personnalis\u00e9 \u00e0 chaque \u00e9tape du processus architectural. Depuis les phases pr\u00e9liminaires \u2013 comme les relev\u00e9s de l\u2019\u00e9tat existant et la r\u00e9alisation des esquisses conceptuelles \u2013 jusqu\u2019\u00e0 la finalisation administrative, notamment avec la constitution des dossiers de permis de construire, nous assurons une prise en charge compl\u00e8te et rigoureuse de chaque projet.<\/p>\n<p style=\"margin-bottom: 0px;font-style: normal;font-size: 13px;line-height: normal\">Une fois la phase de conception aboutie, nous proc\u00e9dons ensemble \u00e0 la s\u00e9lection des artisans locaux les plus qualifi\u00e9s, avant d\u2019entamer le suivi m\u00e9ticuleux des travaux, garantissant ainsi la bonne r\u00e9alisation des ouvrages dans le respect des d\u00e9lais et des budgets convenus.<\/p><p><\/p>\n<p style=\"margin-bottom: 0px;font-style: normal;font-size: 13px;line-height: normal\">Ma d\u00e9marche se distingue par une v\u00e9ritable conscience patrimoniale et environnementale. Je m'efforce de concevoir des projets en symbiose avec leur environnement, en prenant soin de pr\u00e9server et de valoriser les b\u00e2timents anciens tout en les adaptant aux exigences des modes de vie contemporains. Travailler sur le d\u00e9j\u00e0-l\u00e0 est le c\u0153ur de ma vision de l'architecture durable. Cela inclut, d\u2019une part, la sauvegarde de l'architecture historique de chaque r\u00e9gion de France, pour laquelle je d\u00e9ploie des solutions sur-mesure en termes de r\u00e9novation et d\u2019am\u00e9nagement int\u00e9rieur ; d\u2019autre part, je porte une attention particuli\u00e8re \u00e0 l'am\u00e9lioration du confort thermique et \u00e0 l'int\u00e9gration des nouvelles normes \u00e9nerg\u00e9tiques.<\/p>\n<p style=\"margin-bottom: 0px;font-style: normal;font-size: 13px;line-height: normal\">Enfin, j'ai \u00e0 c\u0153ur de promouvoir les savoir-faire locaux et les mat\u00e9riaux durables, ce qui me permet de cr\u00e9er des projets authentiques, respectueux de l\u2019identit\u00e9 des lieux, tout en r\u00e9pondant aux besoins actuels. Chaque projet devient ainsi une opportunit\u00e9 de renforcer les liens entre patrimoine architectural, innovations techniques et bien-\u00eatre des usagers.<\/p><p><\/p>\n<p style=\"margin-bottom: 0px;font-style: normal;font-size: 13px;line-height: normal\">Ma vision de l'architecture repose sur l\u2019id\u00e9e que chaque construction, chaque r\u00e9novation, doit \u00eatre envisag\u00e9e comme un dialogue entre le pass\u00e9 et le futur, le lieu et ses habitants, afin de cr\u00e9er des espaces harmonieux, fonctionnels et p\u00e9rennes<span style=\"font-family: Roboto, sans-serif;font-size: 13px\"><\/span><\/p><\/h2>\t\t\t\t<\/div>\n\t\t\t\t<\/div>\n\t\t\t\t<\/div>\n\t\t<div class=\"elementor-element elementor-element-ba92df2 e-con-full e-flex e-con e-child\" data-id=\"ba92df2\" data-element_type=\"container\" data-e-type=\"container\">\n\t\t\t\t<div class=\"elementor-element elementor-element-f61adef elementor-widget elementor-widget-image\" data-id=\"f61adef\" data-element_type=\"widget\" data-e-type=\"widget\" data-widget_type=\"image.default\">\n\t\t\t\t<div class=\"elementor-widget-container\">\n\t\t\t\t\t\t\t\t\t\t\t\t\t\t\t<img fetchpriority=\"high\" decoding=\"async\" width=\"768\" height=\"768\" src=\"https:\/\/ovee-architecture.fr\/wp-content\/uploads\/2025\/11\/IMG_20221219_000746_617.jpg\" class=\"attachment-large size-large wp-image-1432\" alt=\"\" srcset=\"https:\/\/ovee-architecture.fr\/wp-content\/uploads\/2025\/11\/IMG_20221219_000746_617.jpg 768w, https:\/\/ovee-architecture.fr\/wp-content\/uploads\/2025\/11\/IMG_20221219_000746_617-300x300.jpg 300w, https:\/\/ovee-architecture.fr\/wp-content\/uploads\/2025\/11\/IMG_20221219_000746_617-150x150.jpg 150w, https:\/\/ovee-architecture.fr\/wp-content\/uploads\/2025\/11\/IMG_20221219_000746_617-600x600.jpg 600w\" sizes=\"(max-width: 768px) 100vw, 768px\" \/>\t\t\t\t\t\t\t\t\t\t\t\t\t\t\t<\/div>\n\t\t\t\t<\/div>\n\t\t\t\t<\/div>\n\t\t\t\t\t<\/div>\n\t\t\t\t<\/div>\n\t\t<div class=\"elementor-element elementor-element-3a30888 e-flex e-con-boxed e-con e-parent\" data-id=\"3a30888\" data-element_type=\"container\" data-e-type=\"container\">\n\t\t\t\t\t<div class=\"e-con-inner\">\n\t\t\t\t<div class=\"elementor-element elementor-element-ee9ede5 elementor-widget elementor-widget-spacer\" data-id=\"ee9ede5\" data-element_type=\"widget\" data-e-type=\"widget\" data-widget_type=\"spacer.default\">\n\t\t\t\t<div class=\"elementor-widget-container\">\n\t\t\t\t\t\t\t<div class=\"elementor-spacer\">\n\t\t\t<div class=\"elementor-spacer-inner\"><\/div>\n\t\t<\/div>\n\t\t\t\t\t\t<\/div>\n\t\t\t\t<\/div>\n\t\t\t\t\t<\/div>\n\t\t\t\t<\/div>\n\t\t\t\t<\/div>\n\t\t","protected":false},"excerpt":{"rendered":"<p>Titulaire du dipl\u00f4me d&#8217;Architecte DESA HMONP, je m&#8217;installe en Centre Val de Loire avec une expertise solide, forg\u00e9e par des ann\u00e9es d\u2019exp\u00e9rience en tant que chef de projets au sein de prestigieuses agences parisiennes et internationales. J&#8217;exerce en tant que ma\u00eetre d\u2019\u0153uvre ind\u00e9pendant, dans toute la France et \u00e0 l&#8217;\u00e9tranger. Je prends en charge des [&hellip;]<\/p>\n","protected":false},"author":1,"featured_media":0,"parent":0,"menu_order":0,"comment_status":"closed","ping_status":"closed","template":"","meta":{"footnotes":""},"class_list":["post-23","page","type-page","status-publish","hentry","entry"],"yoast_head":"<!-- This site is optimized with the Yoast SEO plugin v24.2 - https:\/\/yoast.com\/wordpress\/plugins\/seo\/ -->\n<title>\u00c0 propos - Ov\u00e9e Architecture<\/title>\n<meta name=\"robots\" content=\"index, follow, max-snippet:-1, max-image-preview:large, max-video-preview:-1\" \/>\n<link rel=\"canonical\" href=\"https:\/\/ovee-architecture.fr\/\" \/>\n<meta property=\"og:locale\" content=\"en_US\" \/>\n<meta property=\"og:type\" content=\"article\" \/>\n<meta property=\"og:title\" content=\"\u00c0 propos - Ov\u00e9e Architecture\" \/>\n<meta property=\"og:description\" content=\"Titulaire du dipl\u00f4me d&#8217;Architecte DESA HMONP, je m&#8217;installe en Centre Val de Loire avec une expertise solide, forg\u00e9e par des ann\u00e9es d\u2019exp\u00e9rience en tant que chef de projets au sein de prestigieuses agences parisiennes et internationales. J&#8217;exerce en tant que ma\u00eetre d\u2019\u0153uvre ind\u00e9pendant, dans toute la France et \u00e0 l&#8217;\u00e9tranger. Je prends en charge des [&hellip;]\" \/>\n<meta property=\"og:url\" content=\"https:\/\/ovee-architecture.fr\/\" \/>\n<meta property=\"og:site_name\" content=\"Ov\u00e9e Architecture\" \/>\n<meta property=\"article:modified_time\" content=\"2025-11-30T13:56:51+00:00\" \/>\n<meta property=\"og:image\" content=\"http:\/\/ovee-architecture.fr\/wp-content\/uploads\/2024\/10\/e-scaled.jpg\" \/>\n<meta name=\"twitter:card\" content=\"summary_large_image\" \/>\n<meta name=\"twitter:label1\" content=\"Est. reading time\" \/>\n\t<meta name=\"twitter:data1\" content=\"4 minutes\" \/>\n<script type=\"application\/ld+json\" class=\"yoast-schema-graph\">{\"@context\":\"https:\/\/schema.org\",\"@graph\":[{\"@type\":\"WebPage\",\"@id\":\"https:\/\/ovee-architecture.fr\/\",\"url\":\"https:\/\/ovee-architecture.fr\/\",\"name\":\"\u00c0 propos - Ov\u00e9e Architecture\",\"isPartOf\":{\"@id\":\"https:\/\/ovee-architecture.fr\/#website\"},\"primaryImageOfPage\":{\"@id\":\"https:\/\/ovee-architecture.fr\/#primaryimage\"},\"image\":{\"@id\":\"https:\/\/ovee-architecture.fr\/#primaryimage\"},\"thumbnailUrl\":\"http:\/\/ovee-architecture.fr\/wp-content\/uploads\/2024\/10\/e-scaled.jpg\",\"datePublished\":\"2024-10-09T16:06:50+00:00\",\"dateModified\":\"2025-11-30T13:56:51+00:00\",\"breadcrumb\":{\"@id\":\"https:\/\/ovee-architecture.fr\/#breadcrumb\"},\"inLanguage\":\"en-US\",\"potentialAction\":[{\"@type\":\"ReadAction\",\"target\":[\"https:\/\/ovee-architecture.fr\/\"]}]},{\"@type\":\"ImageObject\",\"inLanguage\":\"en-US\",\"@id\":\"https:\/\/ovee-architecture.fr\/#primaryimage\",\"url\":\"http:\/\/ovee-architecture.fr\/wp-content\/uploads\/2024\/10\/e-scaled.jpg\",\"contentUrl\":\"http:\/\/ovee-architecture.fr\/wp-content\/uploads\/2024\/10\/e-scaled.jpg\"},{\"@type\":\"BreadcrumbList\",\"@id\":\"https:\/\/ovee-architecture.fr\/#breadcrumb\",\"itemListElement\":[{\"@type\":\"ListItem\",\"position\":1,\"name\":\"Accueil\",\"item\":\"https:\/\/ovee-architecture.fr\/\"},{\"@type\":\"ListItem\",\"position\":2,\"name\":\"\u00c0 propos\"}]},{\"@type\":\"WebSite\",\"@id\":\"https:\/\/ovee-architecture.fr\/#website\",\"url\":\"https:\/\/ovee-architecture.fr\/\",\"name\":\"Ov\u00e9e Architecture\",\"description\":\" Architecture, architecture int\u00e9rieure, am\u00e9nagement, d\u00e9coration et art\",\"publisher\":{\"@id\":\"https:\/\/ovee-architecture.fr\/#organization\"},\"potentialAction\":[{\"@type\":\"SearchAction\",\"target\":{\"@type\":\"EntryPoint\",\"urlTemplate\":\"https:\/\/ovee-architecture.fr\/?s={search_term_string}\"},\"query-input\":{\"@type\":\"PropertyValueSpecification\",\"valueRequired\":true,\"valueName\":\"search_term_string\"}}],\"inLanguage\":\"en-US\"},{\"@type\":\"Organization\",\"@id\":\"https:\/\/ovee-architecture.fr\/#organization\",\"name\":\"Ov\u00e9e Architecture\",\"url\":\"https:\/\/ovee-architecture.fr\/\",\"logo\":{\"@type\":\"ImageObject\",\"inLanguage\":\"en-US\",\"@id\":\"https:\/\/ovee-architecture.fr\/#\/schema\/logo\/image\/\",\"url\":\"https:\/\/ovee-architecture.fr\/wp-content\/uploads\/2024\/10\/LOGO-OVEE.png\",\"contentUrl\":\"https:\/\/ovee-architecture.fr\/wp-content\/uploads\/2024\/10\/LOGO-OVEE.png\",\"width\":1165,\"height\":1036,\"caption\":\"Ov\u00e9e Architecture\"},\"image\":{\"@id\":\"https:\/\/ovee-architecture.fr\/#\/schema\/logo\/image\/\"}}]}<\/script>\n<!-- \/ Yoast SEO plugin. -->","yoast_head_json":{"title":"\u00c0 propos - Ov\u00e9e Architecture","robots":{"index":"index","follow":"follow","max-snippet":"max-snippet:-1","max-image-preview":"max-image-preview:large","max-video-preview":"max-video-preview:-1"},"canonical":"https:\/\/ovee-architecture.fr\/","og_locale":"en_US","og_type":"article","og_title":"\u00c0 propos - Ov\u00e9e Architecture","og_description":"Titulaire du dipl\u00f4me d&#8217;Architecte DESA HMONP, je m&#8217;installe en Centre Val de Loire avec une expertise solide, forg\u00e9e par des ann\u00e9es d\u2019exp\u00e9rience en tant que chef de projets au sein de prestigieuses agences parisiennes et internationales. J&#8217;exerce en tant que ma\u00eetre d\u2019\u0153uvre ind\u00e9pendant, dans toute la France et \u00e0 l&#8217;\u00e9tranger. Je prends en charge des [&hellip;]","og_url":"https:\/\/ovee-architecture.fr\/","og_site_name":"Ov\u00e9e Architecture","article_modified_time":"2025-11-30T13:56:51+00:00","og_image":[{"url":"http:\/\/ovee-architecture.fr\/wp-content\/uploads\/2024\/10\/e-scaled.jpg","type":"","width":"","height":""}],"twitter_card":"summary_large_image","twitter_misc":{"Est. reading time":"4 minutes"},"schema":{"@context":"https:\/\/schema.org","@graph":[{"@type":"WebPage","@id":"https:\/\/ovee-architecture.fr\/","url":"https:\/\/ovee-architecture.fr\/","name":"\u00c0 propos - Ov\u00e9e Architecture","isPartOf":{"@id":"https:\/\/ovee-architecture.fr\/#website"},"primaryImageOfPage":{"@id":"https:\/\/ovee-architecture.fr\/#primaryimage"},"image":{"@id":"https:\/\/ovee-architecture.fr\/#primaryimage"},"thumbnailUrl":"http:\/\/ovee-architecture.fr\/wp-content\/uploads\/2024\/10\/e-scaled.jpg","datePublished":"2024-10-09T16:06:50+00:00","dateModified":"2025-11-30T13:56:51+00:00","breadcrumb":{"@id":"https:\/\/ovee-architecture.fr\/#breadcrumb"},"inLanguage":"en-US","potentialAction":[{"@type":"ReadAction","target":["https:\/\/ovee-architecture.fr\/"]}]},{"@type":"ImageObject","inLanguage":"en-US","@id":"https:\/\/ovee-architecture.fr\/#primaryimage","url":"http:\/\/ovee-architecture.fr\/wp-content\/uploads\/2024\/10\/e-scaled.jpg","contentUrl":"http:\/\/ovee-architecture.fr\/wp-content\/uploads\/2024\/10\/e-scaled.jpg"},{"@type":"BreadcrumbList","@id":"https:\/\/ovee-architecture.fr\/#breadcrumb","itemListElement":[{"@type":"ListItem","position":1,"name":"Accueil","item":"https:\/\/ovee-architecture.fr\/"},{"@type":"ListItem","position":2,"name":"\u00c0 propos"}]},{"@type":"WebSite","@id":"https:\/\/ovee-architecture.fr\/#website","url":"https:\/\/ovee-architecture.fr\/","name":"Ov\u00e9e Architecture","description":" Architecture, architecture int\u00e9rieure, am\u00e9nagement, d\u00e9coration et art","publisher":{"@id":"https:\/\/ovee-architecture.fr\/#organization"},"potentialAction":[{"@type":"SearchAction","target":{"@type":"EntryPoint","urlTemplate":"https:\/\/ovee-architecture.fr\/?s={search_term_string}"},"query-input":{"@type":"PropertyValueSpecification","valueRequired":true,"valueName":"search_term_string"}}],"inLanguage":"en-US"},{"@type":"Organization","@id":"https:\/\/ovee-architecture.fr\/#organization","name":"Ov\u00e9e Architecture","url":"https:\/\/ovee-architecture.fr\/","logo":{"@type":"ImageObject","inLanguage":"en-US","@id":"https:\/\/ovee-architecture.fr\/#\/schema\/logo\/image\/","url":"https:\/\/ovee-architecture.fr\/wp-content\/uploads\/2024\/10\/LOGO-OVEE.png","contentUrl":"https:\/\/ovee-architecture.fr\/wp-content\/uploads\/2024\/10\/LOGO-OVEE.png","width":1165,"height":1036,"caption":"Ov\u00e9e Architecture"},"image":{"@id":"https:\/\/ovee-architecture.fr\/#\/schema\/logo\/image\/"}}]}},"_links":{"self":[{"href":"https:\/\/ovee-architecture.fr\/index.php\/wp-json\/wp\/v2\/pages\/23","targetHints":{"allow":["GET"]}}],"collection":[{"href":"https:\/\/ovee-architecture.fr\/index.php\/wp-json\/wp\/v2\/pages"}],"about":[{"href":"https:\/\/ovee-architecture.fr\/index.php\/wp-json\/wp\/v2\/types\/page"}],"author":[{"embeddable":true,"href":"https:\/\/ovee-architecture.fr\/index.php\/wp-json\/wp\/v2\/users\/1"}],"replies":[{"embeddable":true,"href":"https:\/\/ovee-architecture.fr\/index.php\/wp-json\/wp\/v2\/comments?post=23"}],"version-history":[{"count":232,"href":"https:\/\/ovee-architecture.fr\/index.php\/wp-json\/wp\/v2\/pages\/23\/revisions"}],"predecessor-version":[{"id":1779,"href":"https:\/\/ovee-architecture.fr\/index.php\/wp-json\/wp\/v2\/pages\/23\/revisions\/1779"}],"wp:attachment":[{"href":"https:\/\/ovee-architecture.fr\/index.php\/wp-json\/wp\/v2\/media?parent=23"}],"curies":[{"name":"wp","href":"https:\/\/api.w.org\/{rel}","templated":true}]}}