{"id":28,"date":"2024-10-09T18:08:31","date_gmt":"2024-10-09T16:08:31","guid":{"rendered":"https:\/\/ovee-architecture.fr\/?page_id=28"},"modified":"2025-11-29T22:55:42","modified_gmt":"2025-11-29T21:55:42","slug":"projets","status":"publish","type":"page","link":"https:\/\/ovee-architecture.fr\/index.php\/projets\/","title":{"rendered":"Projets"},"content":{"rendered":"\t\t<div data-elementor-type=\"wp-page\" data-elementor-id=\"28\" class=\"elementor elementor-28\">\n\t\t\t\t<div class=\"elementor-element elementor-element-840c86f e-flex e-con-boxed e-con e-parent\" data-id=\"840c86f\" data-element_type=\"container\" data-e-type=\"container\">\n\t\t\t\t\t<div class=\"e-con-inner\">\n\t\t\t\t<div class=\"elementor-element elementor-element-ded3a30 elementor-widget elementor-widget-spacer\" data-id=\"ded3a30\" data-element_type=\"widget\" data-e-type=\"widget\" data-widget_type=\"spacer.default\">\n\t\t\t\t<div class=\"elementor-widget-container\">\n\t\t\t\t\t\t\t<div class=\"elementor-spacer\">\n\t\t\t<div class=\"elementor-spacer-inner\"><\/div>\n\t\t<\/div>\n\t\t\t\t\t\t<\/div>\n\t\t\t\t<\/div>\n\t\t\t\t\t<\/div>\n\t\t\t\t<\/div>\n\t\t<div class=\"elementor-element elementor-element-abfd00e e-flex e-con-boxed e-con e-parent\" data-id=\"abfd00e\" data-element_type=\"container\" data-e-type=\"container\" data-settings=\"{&quot;background_background&quot;:&quot;classic&quot;}\">\n\t\t\t\t\t<div class=\"e-con-inner\">\n\t\t\t\t<div class=\"elementor-element elementor-element-55de730 elementor-widget elementor-widget-heading\" data-id=\"55de730\" data-element_type=\"widget\" data-e-type=\"widget\" data-widget_type=\"heading.default\">\n\t\t\t\t<div class=\"elementor-widget-container\">\n\t\t\t\t\t<h2 class=\"elementor-heading-title elementor-size-default\">R\u00e9alisations<\/h2>\t\t\t\t<\/div>\n\t\t\t\t<\/div>\n\t\t\t\t\t<\/div>\n\t\t\t\t<\/div>\n\t\t<div class=\"elementor-element elementor-element-943680f e-flex e-con-boxed e-con e-parent\" data-id=\"943680f\" data-element_type=\"container\" data-e-type=\"container\" data-settings=\"{&quot;background_background&quot;:&quot;classic&quot;}\">\n\t\t\t\t\t<div class=\"e-con-inner\">\n\t\t\t\t<div class=\"elementor-element elementor-element-eb6e43e elementor-widget elementor-widget-spacer\" data-id=\"eb6e43e\" data-element_type=\"widget\" data-e-type=\"widget\" data-widget_type=\"spacer.default\">\n\t\t\t\t<div class=\"elementor-widget-container\">\n\t\t\t\t\t\t\t<div class=\"elementor-spacer\">\n\t\t\t<div class=\"elementor-spacer-inner\"><\/div>\n\t\t<\/div>\n\t\t\t\t\t\t<\/div>\n\t\t\t\t<\/div>\n\t\t\t\t\t<\/div>\n\t\t\t\t<\/div>\n\t\t<div class=\"elementor-element elementor-element-2344aed e-grid e-con-boxed e-con e-parent\" data-id=\"2344aed\" data-element_type=\"container\" data-e-type=\"container\" data-settings=\"{&quot;background_background&quot;:&quot;classic&quot;}\">\n\t\t\t\t\t<div class=\"e-con-inner\">\n\t\t\t\t<div class=\"elementor-element elementor-element-a63eb67 elementor-widget__width-initial elementor-widget elementor-widget-image\" data-id=\"a63eb67\" data-element_type=\"widget\" data-e-type=\"widget\" data-widget_type=\"image.default\">\n\t\t\t\t<div class=\"elementor-widget-container\">\n\t\t\t\t\t\t\t\t\t\t\t\t\t\t\t\t<a href=\"https:\/\/ovee-architecture.fr\/index.php\/rehabilitation-et-restructuration-dune-toulousaine\/\">\n\t\t\t\t\t\t\t<img fetchpriority=\"high\" decoding=\"async\" width=\"1600\" height=\"1200\" src=\"https:\/\/ovee-architecture.fr\/wp-content\/uploads\/2024\/10\/FIN.jpg\" class=\"attachment-full size-full wp-image-538\" alt=\"\" srcset=\"https:\/\/ovee-architecture.fr\/wp-content\/uploads\/2024\/10\/FIN.jpg 1600w, https:\/\/ovee-architecture.fr\/wp-content\/uploads\/2024\/10\/FIN-300x225.jpg 300w, https:\/\/ovee-architecture.fr\/wp-content\/uploads\/2024\/10\/FIN-1024x768.jpg 1024w, https:\/\/ovee-architecture.fr\/wp-content\/uploads\/2024\/10\/FIN-768x576.jpg 768w, https:\/\/ovee-architecture.fr\/wp-content\/uploads\/2024\/10\/FIN-1536x1152.jpg 1536w\" sizes=\"(max-width: 1600px) 100vw, 1600px\" \/>\t\t\t\t\t\t\t\t<\/a>\n\t\t\t\t\t\t\t\t\t\t\t\t\t\t\t<\/div>\n\t\t\t\t<\/div>\n\t\t\t\t<div class=\"elementor-element elementor-element-4afd32f elementor-widget__width-initial elementor-widget elementor-widget-image\" data-id=\"4afd32f\" data-element_type=\"widget\" data-e-type=\"widget\" data-widget_type=\"image.default\">\n\t\t\t\t<div class=\"elementor-widget-container\">\n\t\t\t\t\t\t\t\t\t\t\t\t\t\t\t\t<a href=\"https:\/\/ovee-architecture.fr\/index.php\/extension-dune-maison-a-castelginest\/\">\n\t\t\t\t\t\t\t<img decoding=\"async\" width=\"1024\" height=\"693\" src=\"https:\/\/ovee-architecture.fr\/wp-content\/uploads\/2024\/10\/PC6-DG-MDF4-scaled-e1729077328787-1024x693.jpg\" class=\"attachment-large size-large wp-image-512\" alt=\"\" srcset=\"https:\/\/ovee-architecture.fr\/wp-content\/uploads\/2024\/10\/PC6-DG-MDF4-scaled-e1729077328787-1024x693.jpg 1024w, https:\/\/ovee-architecture.fr\/wp-content\/uploads\/2024\/10\/PC6-DG-MDF4-scaled-e1729077328787-300x203.jpg 300w, https:\/\/ovee-architecture.fr\/wp-content\/uploads\/2024\/10\/PC6-DG-MDF4-scaled-e1729077328787-768x520.jpg 768w, https:\/\/ovee-architecture.fr\/wp-content\/uploads\/2024\/10\/PC6-DG-MDF4-scaled-e1729077328787-1536x1040.jpg 1536w, https:\/\/ovee-architecture.fr\/wp-content\/uploads\/2024\/10\/PC6-DG-MDF4-scaled-e1729077328787.jpg 1796w\" sizes=\"(max-width: 1024px) 100vw, 1024px\" \/>\t\t\t\t\t\t\t\t<\/a>\n\t\t\t\t\t\t\t\t\t\t\t\t\t\t\t<\/div>\n\t\t\t\t<\/div>\n\t\t\t\t<div class=\"elementor-element elementor-element-a8f5e67 elementor-widget__width-initial elementor-widget elementor-widget-image\" data-id=\"a8f5e67\" data-element_type=\"widget\" data-e-type=\"widget\" data-widget_type=\"image.default\">\n\t\t\t\t<div class=\"elementor-widget-container\">\n\t\t\t\t\t\t\t\t\t\t\t\t\t\t\t\t<a href=\"https:\/\/ovee-architecture.fr\/index.php\/renovation-agrandissement-et-conseils-damenagement-dune-villa-a-rabat\/\">\n\t\t\t\t\t\t\t<img decoding=\"async\" width=\"768\" height=\"1024\" src=\"https:\/\/ovee-architecture.fr\/wp-content\/uploads\/2024\/10\/WhatsApp-Image-2024-05-17-at-18.31.31-768x1024.jpeg\" class=\"attachment-large size-large wp-image-547\" alt=\"\" srcset=\"https:\/\/ovee-architecture.fr\/wp-content\/uploads\/2024\/10\/WhatsApp-Image-2024-05-17-at-18.31.31-768x1024.jpeg 768w, https:\/\/ovee-architecture.fr\/wp-content\/uploads\/2024\/10\/WhatsApp-Image-2024-05-17-at-18.31.31-225x300.jpeg 225w, https:\/\/ovee-architecture.fr\/wp-content\/uploads\/2024\/10\/WhatsApp-Image-2024-05-17-at-18.31.31.jpeg 960w\" sizes=\"(max-width: 768px) 100vw, 768px\" \/>\t\t\t\t\t\t\t\t<\/a>\n\t\t\t\t\t\t\t\t\t\t\t\t\t\t\t<\/div>\n\t\t\t\t<\/div>\n\t\t\t\t\t<\/div>\n\t\t\t\t<\/div>\n\t\t<div class=\"elementor-element elementor-element-0de107f e-grid e-con-boxed e-con e-parent\" data-id=\"0de107f\" data-element_type=\"container\" data-e-type=\"container\" data-settings=\"{&quot;background_background&quot;:&quot;classic&quot;}\">\n\t\t\t\t\t<div class=\"e-con-inner\">\n\t\t\t\t<div class=\"elementor-element elementor-element-b437b70 elementor-widget__width-initial elementor-widget elementor-widget-heading\" data-id=\"b437b70\" data-element_type=\"widget\" data-e-type=\"widget\" data-widget_type=\"heading.default\">\n\t\t\t\t<div class=\"elementor-widget-container\">\n\t\t\t\t\t<h2 class=\"elementor-heading-title elementor-size-default\">DIANE<span style=\"font-family: var( --e-global-typography-primary-font-family ), Sans-serif;font-size: 20px\"><\/span><\/h2>\t\t\t\t<\/div>\n\t\t\t\t<\/div>\n\t\t\t\t<div class=\"elementor-element elementor-element-41b7f11 elementor-widget__width-initial elementor-widget elementor-widget-heading\" data-id=\"41b7f11\" data-element_type=\"widget\" data-e-type=\"widget\" data-widget_type=\"heading.default\">\n\t\t\t\t<div class=\"elementor-widget-container\">\n\t\t\t\t\t<h2 class=\"elementor-heading-title elementor-size-default\">SARAH<\/h2>\t\t\t\t<\/div>\n\t\t\t\t<\/div>\n\t\t\t\t<div class=\"elementor-element elementor-element-f80b9d7 elementor-widget__width-initial elementor-widget elementor-widget-heading\" data-id=\"f80b9d7\" data-element_type=\"widget\" data-e-type=\"widget\" data-widget_type=\"heading.default\">\n\t\t\t\t<div class=\"elementor-widget-container\">\n\t\t\t\t\t<h2 class=\"elementor-heading-title elementor-size-default\">NADIA<\/h2>\t\t\t\t<\/div>\n\t\t\t\t<\/div>\n\t\t\t\t\t<\/div>\n\t\t\t\t<\/div>\n\t\t<div class=\"elementor-element elementor-element-a443e93 e-grid e-con-boxed e-con e-parent\" data-id=\"a443e93\" data-element_type=\"container\" data-e-type=\"container\" data-settings=\"{&quot;background_background&quot;:&quot;classic&quot;}\">\n\t\t\t\t\t<div class=\"e-con-inner\">\n\t\t\t\t<div class=\"elementor-element elementor-element-64f9544 elementor-widget__width-initial elementor-widget elementor-widget-heading\" data-id=\"64f9544\" data-element_type=\"widget\" data-e-type=\"widget\" data-widget_type=\"heading.default\">\n\t\t\t\t<div class=\"elementor-widget-container\">\n\t\t\t\t\t<h2 class=\"elementor-heading-title elementor-size-default\"><span style=\"font-size: 15px\">R\u00e9habilitation et restructuration d'une toulousaine<\/span><br><\/h2>\t\t\t\t<\/div>\n\t\t\t\t<\/div>\n\t\t\t\t<div class=\"elementor-element elementor-element-d6e8676 elementor-widget__width-initial elementor-widget elementor-widget-heading\" data-id=\"d6e8676\" data-element_type=\"widget\" data-e-type=\"widget\" data-widget_type=\"heading.default\">\n\t\t\t\t<div class=\"elementor-widget-container\">\n\t\t\t\t\t<h2 class=\"elementor-heading-title elementor-size-default\">Extension d'une maison \u00e0 Castelginest<\/h2>\t\t\t\t<\/div>\n\t\t\t\t<\/div>\n\t\t\t\t<div class=\"elementor-element elementor-element-11f3a6e elementor-widget__width-initial elementor-widget elementor-widget-heading\" data-id=\"11f3a6e\" data-element_type=\"widget\" data-e-type=\"widget\" data-widget_type=\"heading.default\">\n\t\t\t\t<div class=\"elementor-widget-container\">\n\t\t\t\t\t<h2 class=\"elementor-heading-title elementor-size-default\">R\u00e9novation, agrandissement et conseils d'am\u00e9nagement  d'une Villa \u00e0 Rabat <\/h2>\t\t\t\t<\/div>\n\t\t\t\t<\/div>\n\t\t\t\t\t<\/div>\n\t\t\t\t<\/div>\n\t\t<div class=\"elementor-element elementor-element-c22a90f e-flex e-con-boxed e-con e-parent\" data-id=\"c22a90f\" data-element_type=\"container\" data-e-type=\"container\">\n\t\t\t\t\t<div class=\"e-con-inner\">\n\t\t\t\t<div class=\"elementor-element elementor-element-06b843c elementor-widget elementor-widget-spacer\" data-id=\"06b843c\" data-element_type=\"widget\" data-e-type=\"widget\" data-widget_type=\"spacer.default\">\n\t\t\t\t<div class=\"elementor-widget-container\">\n\t\t\t\t\t\t\t<div class=\"elementor-spacer\">\n\t\t\t<div class=\"elementor-spacer-inner\"><\/div>\n\t\t<\/div>\n\t\t\t\t\t\t<\/div>\n\t\t\t\t<\/div>\n\t\t\t\t\t<\/div>\n\t\t\t\t<\/div>\n\t\t\t\t<\/div>\n\t\t","protected":false},"excerpt":{"rendered":"<p>R\u00e9alisations DIANE SARAH NADIA R\u00e9habilitation et restructuration d&#8217;une toulousaine Extension d&#8217;une maison \u00e0 Castelginest R\u00e9novation, agrandissement et conseils d&#8217;am\u00e9nagement d&#8217;une Villa \u00e0 Rabat<\/p>\n","protected":false},"author":1,"featured_media":0,"parent":0,"menu_order":0,"comment_status":"closed","ping_status":"closed","template":"","meta":{"footnotes":""},"class_list":["post-28","page","type-page","status-publish","hentry","entry"],"yoast_head":"<!-- This site is optimized with the Yoast SEO plugin v24.2 - https:\/\/yoast.com\/wordpress\/plugins\/seo\/ -->\n<title>Projets - Ov\u00e9e Architecture<\/title>\n<meta name=\"robots\" content=\"index, follow, max-snippet:-1, max-image-preview:large, max-video-preview:-1\" \/>\n<link rel=\"canonical\" href=\"https:\/\/ovee-architecture.fr\/index.php\/projets\/\" \/>\n<meta property=\"og:locale\" content=\"en_US\" \/>\n<meta property=\"og:type\" content=\"article\" \/>\n<meta property=\"og:title\" content=\"Projets - Ov\u00e9e Architecture\" \/>\n<meta property=\"og:description\" content=\"R\u00e9alisations DIANE SARAH NADIA R\u00e9habilitation et restructuration d&#8217;une toulousaine Extension d&#8217;une maison \u00e0 Castelginest R\u00e9novation, agrandissement et conseils d&#8217;am\u00e9nagement d&#8217;une Villa \u00e0 Rabat\" \/>\n<meta property=\"og:url\" content=\"https:\/\/ovee-architecture.fr\/index.php\/projets\/\" \/>\n<meta property=\"og:site_name\" content=\"Ov\u00e9e Architecture\" \/>\n<meta property=\"article:modified_time\" content=\"2025-11-29T21:55:42+00:00\" \/>\n<meta property=\"og:image\" content=\"http:\/\/ovee-architecture.fr\/wp-content\/uploads\/2024\/10\/FIN.jpg\" \/>\n<meta name=\"twitter:card\" content=\"summary_large_image\" \/>\n<meta name=\"twitter:label1\" content=\"Est. reading time\" \/>\n\t<meta name=\"twitter:data1\" content=\"1 minute\" \/>\n<script type=\"application\/ld+json\" class=\"yoast-schema-graph\">{\"@context\":\"https:\/\/schema.org\",\"@graph\":[{\"@type\":\"WebPage\",\"@id\":\"https:\/\/ovee-architecture.fr\/index.php\/projets\/\",\"url\":\"https:\/\/ovee-architecture.fr\/index.php\/projets\/\",\"name\":\"Projets - Ov\u00e9e Architecture\",\"isPartOf\":{\"@id\":\"https:\/\/ovee-architecture.fr\/#website\"},\"primaryImageOfPage\":{\"@id\":\"https:\/\/ovee-architecture.fr\/index.php\/projets\/#primaryimage\"},\"image\":{\"@id\":\"https:\/\/ovee-architecture.fr\/index.php\/projets\/#primaryimage\"},\"thumbnailUrl\":\"http:\/\/ovee-architecture.fr\/wp-content\/uploads\/2024\/10\/FIN.jpg\",\"datePublished\":\"2024-10-09T16:08:31+00:00\",\"dateModified\":\"2025-11-29T21:55:42+00:00\",\"breadcrumb\":{\"@id\":\"https:\/\/ovee-architecture.fr\/index.php\/projets\/#breadcrumb\"},\"inLanguage\":\"en-US\",\"potentialAction\":[{\"@type\":\"ReadAction\",\"target\":[\"https:\/\/ovee-architecture.fr\/index.php\/projets\/\"]}]},{\"@type\":\"ImageObject\",\"inLanguage\":\"en-US\",\"@id\":\"https:\/\/ovee-architecture.fr\/index.php\/projets\/#primaryimage\",\"url\":\"https:\/\/ovee-architecture.fr\/wp-content\/uploads\/2024\/10\/FIN.jpg\",\"contentUrl\":\"https:\/\/ovee-architecture.fr\/wp-content\/uploads\/2024\/10\/FIN.jpg\",\"width\":1600,\"height\":1200},{\"@type\":\"BreadcrumbList\",\"@id\":\"https:\/\/ovee-architecture.fr\/index.php\/projets\/#breadcrumb\",\"itemListElement\":[{\"@type\":\"ListItem\",\"position\":1,\"name\":\"Accueil\",\"item\":\"https:\/\/ovee-architecture.fr\/\"},{\"@type\":\"ListItem\",\"position\":2,\"name\":\"Projets\"}]},{\"@type\":\"WebSite\",\"@id\":\"https:\/\/ovee-architecture.fr\/#website\",\"url\":\"https:\/\/ovee-architecture.fr\/\",\"name\":\"Ov\u00e9e Architecture\",\"description\":\" Architecture, architecture int\u00e9rieure, am\u00e9nagement, d\u00e9coration et art\",\"publisher\":{\"@id\":\"https:\/\/ovee-architecture.fr\/#organization\"},\"potentialAction\":[{\"@type\":\"SearchAction\",\"target\":{\"@type\":\"EntryPoint\",\"urlTemplate\":\"https:\/\/ovee-architecture.fr\/?s={search_term_string}\"},\"query-input\":{\"@type\":\"PropertyValueSpecification\",\"valueRequired\":true,\"valueName\":\"search_term_string\"}}],\"inLanguage\":\"en-US\"},{\"@type\":\"Organization\",\"@id\":\"https:\/\/ovee-architecture.fr\/#organization\",\"name\":\"Ov\u00e9e Architecture\",\"url\":\"https:\/\/ovee-architecture.fr\/\",\"logo\":{\"@type\":\"ImageObject\",\"inLanguage\":\"en-US\",\"@id\":\"https:\/\/ovee-architecture.fr\/#\/schema\/logo\/image\/\",\"url\":\"https:\/\/ovee-architecture.fr\/wp-content\/uploads\/2024\/10\/LOGO-OVEE.png\",\"contentUrl\":\"https:\/\/ovee-architecture.fr\/wp-content\/uploads\/2024\/10\/LOGO-OVEE.png\",\"width\":1165,\"height\":1036,\"caption\":\"Ov\u00e9e Architecture\"},\"image\":{\"@id\":\"https:\/\/ovee-architecture.fr\/#\/schema\/logo\/image\/\"}}]}<\/script>\n<!-- \/ Yoast SEO plugin. -->","yoast_head_json":{"title":"Projets - Ov\u00e9e Architecture","robots":{"index":"index","follow":"follow","max-snippet":"max-snippet:-1","max-image-preview":"max-image-preview:large","max-video-preview":"max-video-preview:-1"},"canonical":"https:\/\/ovee-architecture.fr\/index.php\/projets\/","og_locale":"en_US","og_type":"article","og_title":"Projets - Ov\u00e9e Architecture","og_description":"R\u00e9alisations DIANE SARAH NADIA R\u00e9habilitation et restructuration d&#8217;une toulousaine Extension d&#8217;une maison \u00e0 Castelginest R\u00e9novation, agrandissement et conseils d&#8217;am\u00e9nagement d&#8217;une Villa \u00e0 Rabat","og_url":"https:\/\/ovee-architecture.fr\/index.php\/projets\/","og_site_name":"Ov\u00e9e Architecture","article_modified_time":"2025-11-29T21:55:42+00:00","og_image":[{"url":"http:\/\/ovee-architecture.fr\/wp-content\/uploads\/2024\/10\/FIN.jpg","type":"","width":"","height":""}],"twitter_card":"summary_large_image","twitter_misc":{"Est. reading time":"1 minute"},"schema":{"@context":"https:\/\/schema.org","@graph":[{"@type":"WebPage","@id":"https:\/\/ovee-architecture.fr\/index.php\/projets\/","url":"https:\/\/ovee-architecture.fr\/index.php\/projets\/","name":"Projets - Ov\u00e9e Architecture","isPartOf":{"@id":"https:\/\/ovee-architecture.fr\/#website"},"primaryImageOfPage":{"@id":"https:\/\/ovee-architecture.fr\/index.php\/projets\/#primaryimage"},"image":{"@id":"https:\/\/ovee-architecture.fr\/index.php\/projets\/#primaryimage"},"thumbnailUrl":"http:\/\/ovee-architecture.fr\/wp-content\/uploads\/2024\/10\/FIN.jpg","datePublished":"2024-10-09T16:08:31+00:00","dateModified":"2025-11-29T21:55:42+00:00","breadcrumb":{"@id":"https:\/\/ovee-architecture.fr\/index.php\/projets\/#breadcrumb"},"inLanguage":"en-US","potentialAction":[{"@type":"ReadAction","target":["https:\/\/ovee-architecture.fr\/index.php\/projets\/"]}]},{"@type":"ImageObject","inLanguage":"en-US","@id":"https:\/\/ovee-architecture.fr\/index.php\/projets\/#primaryimage","url":"https:\/\/ovee-architecture.fr\/wp-content\/uploads\/2024\/10\/FIN.jpg","contentUrl":"https:\/\/ovee-architecture.fr\/wp-content\/uploads\/2024\/10\/FIN.jpg","width":1600,"height":1200},{"@type":"BreadcrumbList","@id":"https:\/\/ovee-architecture.fr\/index.php\/projets\/#breadcrumb","itemListElement":[{"@type":"ListItem","position":1,"name":"Accueil","item":"https:\/\/ovee-architecture.fr\/"},{"@type":"ListItem","position":2,"name":"Projets"}]},{"@type":"WebSite","@id":"https:\/\/ovee-architecture.fr\/#website","url":"https:\/\/ovee-architecture.fr\/","name":"Ov\u00e9e Architecture","description":" Architecture, architecture int\u00e9rieure, am\u00e9nagement, d\u00e9coration et art","publisher":{"@id":"https:\/\/ovee-architecture.fr\/#organization"},"potentialAction":[{"@type":"SearchAction","target":{"@type":"EntryPoint","urlTemplate":"https:\/\/ovee-architecture.fr\/?s={search_term_string}"},"query-input":{"@type":"PropertyValueSpecification","valueRequired":true,"valueName":"search_term_string"}}],"inLanguage":"en-US"},{"@type":"Organization","@id":"https:\/\/ovee-architecture.fr\/#organization","name":"Ov\u00e9e Architecture","url":"https:\/\/ovee-architecture.fr\/","logo":{"@type":"ImageObject","inLanguage":"en-US","@id":"https:\/\/ovee-architecture.fr\/#\/schema\/logo\/image\/","url":"https:\/\/ovee-architecture.fr\/wp-content\/uploads\/2024\/10\/LOGO-OVEE.png","contentUrl":"https:\/\/ovee-architecture.fr\/wp-content\/uploads\/2024\/10\/LOGO-OVEE.png","width":1165,"height":1036,"caption":"Ov\u00e9e Architecture"},"image":{"@id":"https:\/\/ovee-architecture.fr\/#\/schema\/logo\/image\/"}}]}},"_links":{"self":[{"href":"https:\/\/ovee-architecture.fr\/index.php\/wp-json\/wp\/v2\/pages\/28","targetHints":{"allow":["GET"]}}],"collection":[{"href":"https:\/\/ovee-architecture.fr\/index.php\/wp-json\/wp\/v2\/pages"}],"about":[{"href":"https:\/\/ovee-architecture.fr\/index.php\/wp-json\/wp\/v2\/types\/page"}],"author":[{"embeddable":true,"href":"https:\/\/ovee-architecture.fr\/index.php\/wp-json\/wp\/v2\/users\/1"}],"replies":[{"embeddable":true,"href":"https:\/\/ovee-architecture.fr\/index.php\/wp-json\/wp\/v2\/comments?post=28"}],"version-history":[{"count":254,"href":"https:\/\/ovee-architecture.fr\/index.php\/wp-json\/wp\/v2\/pages\/28\/revisions"}],"predecessor-version":[{"id":1714,"href":"https:\/\/ovee-architecture.fr\/index.php\/wp-json\/wp\/v2\/pages\/28\/revisions\/1714"}],"wp:attachment":[{"href":"https:\/\/ovee-architecture.fr\/index.php\/wp-json\/wp\/v2\/media?parent=28"}],"curies":[{"name":"wp","href":"https:\/\/api.w.org\/{rel}","templated":true}]}}