{"id":30,"date":"2024-10-09T18:08:43","date_gmt":"2024-10-09T16:08:43","guid":{"rendered":"https:\/\/ovee-architecture.fr\/?page_id=30"},"modified":"2025-11-30T01:15:27","modified_gmt":"2025-11-30T00:15:27","slug":"contact","status":"publish","type":"page","link":"https:\/\/ovee-architecture.fr\/index.php\/contact\/","title":{"rendered":"Contact"},"content":{"rendered":"\t\t<div data-elementor-type=\"wp-page\" data-elementor-id=\"30\" class=\"elementor elementor-30\">\n\t\t\t\t<div class=\"elementor-element elementor-element-5a20a05 e-flex e-con-boxed e-con e-parent\" data-id=\"5a20a05\" data-element_type=\"container\" data-e-type=\"container\">\n\t\t\t\t\t<div class=\"e-con-inner\">\n\t\t\t\t<div class=\"elementor-element elementor-element-9412525 elementor-widget elementor-widget-spacer\" data-id=\"9412525\" data-element_type=\"widget\" data-e-type=\"widget\" data-widget_type=\"spacer.default\">\n\t\t\t\t<div class=\"elementor-widget-container\">\n\t\t\t\t\t\t\t<div class=\"elementor-spacer\">\n\t\t\t<div class=\"elementor-spacer-inner\"><\/div>\n\t\t<\/div>\n\t\t\t\t\t\t<\/div>\n\t\t\t\t<\/div>\n\t\t\t\t\t<\/div>\n\t\t\t\t<\/div>\n\t\t<div class=\"elementor-element elementor-element-7818a7b e-flex e-con-boxed e-con e-parent\" data-id=\"7818a7b\" data-element_type=\"container\" data-e-type=\"container\" data-settings=\"{&quot;background_background&quot;:&quot;classic&quot;}\">\n\t\t\t\t\t<div class=\"e-con-inner\">\n\t\t\t\t<div class=\"elementor-element elementor-element-8b6aabf elementor-widget elementor-widget-spacer\" data-id=\"8b6aabf\" data-element_type=\"widget\" data-e-type=\"widget\" data-widget_type=\"spacer.default\">\n\t\t\t\t<div class=\"elementor-widget-container\">\n\t\t\t\t\t\t\t<div class=\"elementor-spacer\">\n\t\t\t<div class=\"elementor-spacer-inner\"><\/div>\n\t\t<\/div>\n\t\t\t\t\t\t<\/div>\n\t\t\t\t<\/div>\n\t\t\t\t\t<\/div>\n\t\t\t\t<\/div>\n\t\t<div class=\"elementor-element elementor-element-1a01fa9 e-grid e-con-boxed e-con e-parent\" data-id=\"1a01fa9\" data-element_type=\"container\" data-e-type=\"container\" data-settings=\"{&quot;background_background&quot;:&quot;classic&quot;}\">\n\t\t\t\t\t<div class=\"e-con-inner\">\n\t\t\t\t<div class=\"elementor-element elementor-element-6cdb9407 elementor-widget elementor-widget-image\" data-id=\"6cdb9407\" data-element_type=\"widget\" data-e-type=\"widget\" data-widget_type=\"image.default\">\n\t\t\t\t<div class=\"elementor-widget-container\">\n\t\t\t\t\t\t\t\t\t\t\t\t\t\t\t<img fetchpriority=\"high\" decoding=\"async\" width=\"334\" height=\"306\" src=\"https:\/\/ovee-architecture.fr\/wp-content\/uploads\/2024\/10\/Capture-decran-2024-10-10-a-14.47.18.png\" class=\"attachment-large size-large wp-image-83\" alt=\"\" srcset=\"https:\/\/ovee-architecture.fr\/wp-content\/uploads\/2024\/10\/Capture-decran-2024-10-10-a-14.47.18.png 334w, https:\/\/ovee-architecture.fr\/wp-content\/uploads\/2024\/10\/Capture-decran-2024-10-10-a-14.47.18-300x275.png 300w\" sizes=\"(max-width: 334px) 100vw, 334px\" \/>\t\t\t\t\t\t\t\t\t\t\t\t\t\t\t<\/div>\n\t\t\t\t<\/div>\n\t\t\t\t<div class=\"elementor-element elementor-element-1b6d035e elementor-align-start elementor-icon-list--layout-traditional elementor-list-item-link-full_width elementor-widget elementor-widget-icon-list\" data-id=\"1b6d035e\" data-element_type=\"widget\" data-e-type=\"widget\" data-widget_type=\"icon-list.default\">\n\t\t\t\t<div class=\"elementor-widget-container\">\n\t\t\t\t\t\t\t<ul class=\"elementor-icon-list-items\">\n\t\t\t\t\t\t\t<li class=\"elementor-icon-list-item\">\n\t\t\t\t\t\t\t\t\t\t<span class=\"elementor-icon-list-text\"><b>Oumayma Violette Hanoun<br>.<\/span>\n\t\t\t\t\t\t\t\t\t<\/li>\n\t\t\t\t\t\t\t\t<li class=\"elementor-icon-list-item\">\n\t\t\t\t\t\t\t\t\t\t<span class=\"elementor-icon-list-text\"><b>Horaires:<\/b> Lundi-Vendredi 9:00AM - 5:30PM<\/span>\n\t\t\t\t\t\t\t\t\t<\/li>\n\t\t\t\t\t\t\t\t<li class=\"elementor-icon-list-item\">\n\t\t\t\t\t\t\t\t\t\t<span class=\"elementor-icon-list-text\"><b>Phone:<\/b> 07-83-10-64-69<\/span>\n\t\t\t\t\t\t\t\t\t<\/li>\n\t\t\t\t\t\t\t\t<li class=\"elementor-icon-list-item\">\n\t\t\t\t\t\t\t\t\t\t<span class=\"elementor-icon-list-text\"><b>Email:<\/b> o.v.hanoun@gmail.com<\/span>\n\t\t\t\t\t\t\t\t\t<\/li>\n\t\t\t\t\t\t\t\t<li class=\"elementor-icon-list-item\">\n\t\t\t\t\t\t\t\t\t\t<span class=\"elementor-icon-list-text\"><b>Zone d'intervention :<\/b> France et International<\/span>\n\t\t\t\t\t\t\t\t\t<\/li>\n\t\t\t\t\t\t<\/ul>\n\t\t\t\t\t\t<\/div>\n\t\t\t\t<\/div>\n\t\t\t\t\t<\/div>\n\t\t\t\t<\/div>\n\t\t<div class=\"elementor-element elementor-element-83d9ae4 e-flex e-con-boxed e-con e-parent\" data-id=\"83d9ae4\" data-element_type=\"container\" data-e-type=\"container\" data-settings=\"{&quot;background_background&quot;:&quot;classic&quot;}\">\n\t\t\t\t\t<div class=\"e-con-inner\">\n\t\t\t\t<div class=\"elementor-element elementor-element-0c9a650 elementor-widget elementor-widget-spacer\" data-id=\"0c9a650\" data-element_type=\"widget\" data-e-type=\"widget\" data-widget_type=\"spacer.default\">\n\t\t\t\t<div class=\"elementor-widget-container\">\n\t\t\t\t\t\t\t<div class=\"elementor-spacer\">\n\t\t\t<div class=\"elementor-spacer-inner\"><\/div>\n\t\t<\/div>\n\t\t\t\t\t\t<\/div>\n\t\t\t\t<\/div>\n\t\t\t\t\t<\/div>\n\t\t\t\t<\/div>\n\t\t<div class=\"elementor-element elementor-element-845f84c e-flex e-con-boxed e-con e-parent\" data-id=\"845f84c\" data-element_type=\"container\" data-e-type=\"container\" data-settings=\"{&quot;background_background&quot;:&quot;classic&quot;}\">\n\t\t\t\t\t<div class=\"e-con-inner\">\n\t\t\t\t<div class=\"elementor-element elementor-element-4e1dffc elementor-widget elementor-widget-heading\" data-id=\"4e1dffc\" data-element_type=\"widget\" data-e-type=\"widget\" data-widget_type=\"heading.default\">\n\t\t\t\t<div class=\"elementor-widget-container\">\n\t\t\t\t\t<h2 class=\"elementor-heading-title elementor-size-default\"><p>Je serais ravie de d\u00e9couvrir votre projet. Contactez-moi et nous pourrons \u00e9changer ensemble, puis organiser une visite sur site afin d\u2019\u00e9tudier votre demande dans les meilleures conditions.<\/p><\/h2>\t\t\t\t<\/div>\n\t\t\t\t<\/div>\n\t\t\t\t\t<\/div>\n\t\t\t\t<\/div>\n\t\t<div class=\"elementor-element elementor-element-e5bde29 e-flex e-con-boxed e-con e-parent\" data-id=\"e5bde29\" data-element_type=\"container\" data-e-type=\"container\" data-settings=\"{&quot;background_background&quot;:&quot;classic&quot;}\">\n\t\t\t\t\t<div class=\"e-con-inner\">\n\t\t\t\t<div class=\"elementor-element elementor-element-2ad1fdc elementor-widget__width-initial e-transform e-transform elementor-widget elementor-widget-formidable\" data-id=\"2ad1fdc\" data-element_type=\"widget\" data-e-type=\"widget\" data-settings=\"{&quot;_transform_translateX_effect_mobile&quot;:{&quot;unit&quot;:&quot;px&quot;,&quot;size&quot;:0,&quot;sizes&quot;:[]},&quot;_transform_translateY_effect_mobile&quot;:{&quot;unit&quot;:&quot;px&quot;,&quot;size&quot;:-78,&quot;sizes&quot;:[]},&quot;_transform_scale_effect_mobile&quot;:{&quot;unit&quot;:&quot;px&quot;,&quot;size&quot;:0.8,&quot;sizes&quot;:[]},&quot;_transform_translateX_effect&quot;:{&quot;unit&quot;:&quot;px&quot;,&quot;size&quot;:&quot;&quot;,&quot;sizes&quot;:[]},&quot;_transform_translateX_effect_tablet&quot;:{&quot;unit&quot;:&quot;px&quot;,&quot;size&quot;:&quot;&quot;,&quot;sizes&quot;:[]},&quot;_transform_translateY_effect&quot;:{&quot;unit&quot;:&quot;px&quot;,&quot;size&quot;:&quot;&quot;,&quot;sizes&quot;:[]},&quot;_transform_translateY_effect_tablet&quot;:{&quot;unit&quot;:&quot;px&quot;,&quot;size&quot;:&quot;&quot;,&quot;sizes&quot;:[]},&quot;_transform_scale_effect&quot;:{&quot;unit&quot;:&quot;px&quot;,&quot;size&quot;:&quot;&quot;,&quot;sizes&quot;:[]},&quot;_transform_scale_effect_tablet&quot;:{&quot;unit&quot;:&quot;px&quot;,&quot;size&quot;:&quot;&quot;,&quot;sizes&quot;:[]}}\" data-widget_type=\"formidable.default\">\n\t\t\t\t<div class=\"elementor-widget-container\">\n\t\t\t\t\t<div class=\"frm_forms  with_frm_style frm_style_style-formidable\" id=\"frm_form_3_container\" data-token=\"05c6dc9ae9bb070e3051bdd8f07c9bfb\">\n<form enctype=\"multipart\/form-data\" method=\"post\" class=\"frm-show-form \" id=\"form_ej7xl\" data-token=\"05c6dc9ae9bb070e3051bdd8f07c9bfb\">\n<div class=\"frm_form_fields \">\n<fieldset>\n<legend class=\"frm_screen_reader\"><\/legend>\r\n\r\n<div class=\"frm_fields_container\">\n<input type=\"hidden\" name=\"frm_action\" value=\"create\" \/>\n<input type=\"hidden\" name=\"form_id\" value=\"3\" \/>\n<input type=\"hidden\" name=\"frm_hide_fields_3\" id=\"frm_hide_fields_3\" value=\"\" \/>\n<input type=\"hidden\" name=\"form_key\" value=\"ej7xl\" \/>\n<input type=\"hidden\" name=\"item_meta[0]\" value=\"\" \/>\n<input type=\"hidden\" id=\"frm_submit_entry_3\" name=\"frm_submit_entry_3\" value=\"ae6223cdf9\" \/><input type=\"hidden\" name=\"_wp_http_referer\" value=\"\/index.php\/wp-json\/wp\/v2\/pages\/30\" \/><div id=\"frm_field_8_container\" class=\"frm_form_field form-field  frm_required_field frm_top_container\">\r\n\t<label for=\"field_v9xmj\" id=\"field_v9xmj_label\" class=\"frm_primary_label\">Nom\r\n\t\t<span class=\"frm_required\" aria-hidden=\"true\">*<\/span>\r\n\t<\/label>\r\n\t<input type=\"text\" id=\"field_v9xmj\" name=\"item_meta[8]\" value=\"\"  placeholder=\"Saisissez votre nom\" data-reqmsg=\"Nom ne peut pas \u00eatre vide.\" aria-required=\"true\" data-invmsg=\"Nom est non valide\" aria-invalid=\"false\"  \/>\r\n\t\r\n\t\r\n<\/div>\n<div id=\"frm_field_13_container\" class=\"frm_form_field form-field  frm_required_field frm_top_container\">\r\n\t<label for=\"field_ltox\" id=\"field_ltox_label\" class=\"frm_primary_label\">Email\r\n\t\t<span class=\"frm_required\" aria-hidden=\"true\">*<\/span>\r\n\t<\/label>\r\n\t<input type=\"email\" id=\"field_ltox\" name=\"item_meta[13]\" value=\"\"  placeholder=\"Saisissez votre adresse email\" data-reqmsg=\"Email ne peut pas \u00eatre vide.\" aria-required=\"true\" data-invmsg=\"Email est non valide\" aria-invalid=\"false\"  \/>\r\n\t\r\n\t\r\n<\/div>\n<div id=\"frm_field_10_container\" class=\"frm_form_field form-field  frm_top_container\">\r\n\t<label for=\"field_l9hl9\" id=\"field_l9hl9_label\" class=\"frm_primary_label\">Objet\r\n\t\t<span class=\"frm_required\" aria-hidden=\"true\"><\/span>\r\n\t<\/label>\r\n\t<input type=\"text\" id=\"field_l9hl9\" name=\"item_meta[10]\" value=\"\"  placeholder=\"Saisissez l&#039;objet\" data-invmsg=\"Objet est non valide\" aria-invalid=\"false\"  \/>\r\n\t\r\n\t\r\n<\/div>\n<div id=\"frm_field_12_container\" class=\"frm_form_field form-field  frm_top_container\">\r\n\t<label for=\"field_5kyck\" id=\"field_5kyck_label\" class=\"frm_primary_label\">Message\r\n\t\t<span class=\"frm_required\" aria-hidden=\"true\"><\/span>\r\n\t<\/label>\r\n\t<textarea name=\"item_meta[12]\" id=\"field_5kyck\" rows=\"5\"  placeholder=\"R\u00e9digez votre message...\" data-invmsg=\"Message is invalid\" aria-invalid=\"false\"  ><\/textarea>\r\n\t\r\n\t\r\n<\/div>\n<div id=\"frm_field_7_container\" class=\"frm_form_field form-field \">\r\n\t<div class=\"frm_submit frm_flex\">\r\n<button class=\"frm_button_submit\" type=\"submit\"  >Envoyer<\/button>\r\n\r\n\r\n\r\n<\/div>\r\n<\/div>\n\t<input type=\"hidden\" name=\"item_key\" value=\"\" \/>\n\t\t\t<div id=\"frm_field_15_container\">\n\t\t\t<label for=\"field_uxdzk\" >\n\t\t\t\tIf you are human, leave this field blank.\t\t\t<\/label>\n\t\t\t<input  id=\"field_uxdzk\" type=\"text\" class=\"frm_form_field form-field frm_verify\" name=\"item_meta[15]\" value=\"\"  \/>\n\t\t<\/div>\n\t\t<input name=\"frm_state\" type=\"hidden\" value=\"HA+TKQdWc\/lFhghw9L0yzCEyj1hXXGIAykoBuET3Is0=\" \/><\/div>\n<\/fieldset>\n<\/div>\n\n<p style=\"display: none !important;\" class=\"akismet-fields-container\" data-prefix=\"ak_\"><label>&#916;<textarea name=\"ak_hp_textarea\" cols=\"45\" rows=\"8\" maxlength=\"100\"><\/textarea><\/label><input type=\"hidden\" id=\"ak_js_1\" name=\"ak_js\" value=\"168\"\/><script>document.getElementById( \"ak_js_1\" ).setAttribute( \"value\", ( new Date() ).getTime() );<\/script><\/p><\/form>\n<\/div>\n\t\t\t\t<\/div>\n\t\t\t\t<\/div>\n\t\t\t\t\t<\/div>\n\t\t\t\t<\/div>\n\t\t<div class=\"elementor-element elementor-element-2e0b415 e-flex e-con-boxed e-con e-parent\" data-id=\"2e0b415\" data-element_type=\"container\" data-e-type=\"container\" data-settings=\"{&quot;background_background&quot;:&quot;classic&quot;}\">\n\t\t\t\t\t<div class=\"e-con-inner\">\n\t\t\t\t<div class=\"elementor-element elementor-element-f564afc elementor-widget elementor-widget-spacer\" data-id=\"f564afc\" data-element_type=\"widget\" data-e-type=\"widget\" data-widget_type=\"spacer.default\">\n\t\t\t\t<div class=\"elementor-widget-container\">\n\t\t\t\t\t\t\t<div class=\"elementor-spacer\">\n\t\t\t<div class=\"elementor-spacer-inner\"><\/div>\n\t\t<\/div>\n\t\t\t\t\t\t<\/div>\n\t\t\t\t<\/div>\n\t\t\t\t\t<\/div>\n\t\t\t\t<\/div>\n\t\t\t\t<\/div>\n\t\t","protected":false},"excerpt":{"rendered":"<p>Oumayma Violette Hanoun. Horaires: Lundi-Vendredi 9:00AM &#8211; 5:30PM Phone: 07-83-10-64-69 Email: o.v.hanoun@gmail.com Zone d&#8217;intervention : France et International Je serais ravie de d\u00e9couvrir votre projet. Contactez-moi et nous pourrons \u00e9changer ensemble, puis organiser une visite sur site afin d\u2019\u00e9tudier votre demande dans les meilleures conditions. Nom * Email * Objet Message Envoyer If you are [&hellip;]<\/p>\n","protected":false},"author":1,"featured_media":0,"parent":0,"menu_order":0,"comment_status":"closed","ping_status":"closed","template":"","meta":{"footnotes":""},"class_list":["post-30","page","type-page","status-publish","hentry","entry"],"yoast_head":"<!-- This site is optimized with the Yoast SEO plugin v24.2 - https:\/\/yoast.com\/wordpress\/plugins\/seo\/ -->\n<title>Contact - Ov\u00e9e Architecture<\/title>\n<meta name=\"robots\" content=\"index, follow, max-snippet:-1, max-image-preview:large, max-video-preview:-1\" \/>\n<link rel=\"canonical\" href=\"https:\/\/ovee-architecture.fr\/index.php\/contact\/\" \/>\n<meta property=\"og:locale\" content=\"en_US\" \/>\n<meta property=\"og:type\" content=\"article\" \/>\n<meta property=\"og:title\" content=\"Contact - Ov\u00e9e Architecture\" \/>\n<meta property=\"og:description\" content=\"Oumayma Violette Hanoun. Horaires: Lundi-Vendredi 9:00AM &#8211; 5:30PM Phone: 07-83-10-64-69 Email: o.v.hanoun@gmail.com Zone d&#8217;intervention : France et International Je serais ravie de d\u00e9couvrir votre projet. Contactez-moi et nous pourrons \u00e9changer ensemble, puis organiser une visite sur site afin d\u2019\u00e9tudier votre demande dans les meilleures conditions. Nom * Email * Objet Message Envoyer If you are [&hellip;]\" \/>\n<meta property=\"og:url\" content=\"https:\/\/ovee-architecture.fr\/index.php\/contact\/\" \/>\n<meta property=\"og:site_name\" content=\"Ov\u00e9e Architecture\" \/>\n<meta property=\"article:modified_time\" content=\"2025-11-30T00:15:27+00:00\" \/>\n<meta property=\"og:image\" content=\"http:\/\/ovee-architecture.fr\/wp-content\/uploads\/2024\/10\/Capture-decran-2024-10-10-a-14.47.18.png\" \/>\n<meta name=\"twitter:card\" content=\"summary_large_image\" \/>\n<meta name=\"twitter:label1\" content=\"Est. reading time\" \/>\n\t<meta name=\"twitter:data1\" content=\"1 minute\" \/>\n<script type=\"application\/ld+json\" class=\"yoast-schema-graph\">{\"@context\":\"https:\/\/schema.org\",\"@graph\":[{\"@type\":\"WebPage\",\"@id\":\"https:\/\/ovee-architecture.fr\/index.php\/contact\/\",\"url\":\"https:\/\/ovee-architecture.fr\/index.php\/contact\/\",\"name\":\"Contact - Ov\u00e9e Architecture\",\"isPartOf\":{\"@id\":\"https:\/\/ovee-architecture.fr\/#website\"},\"primaryImageOfPage\":{\"@id\":\"https:\/\/ovee-architecture.fr\/index.php\/contact\/#primaryimage\"},\"image\":{\"@id\":\"https:\/\/ovee-architecture.fr\/index.php\/contact\/#primaryimage\"},\"thumbnailUrl\":\"http:\/\/ovee-architecture.fr\/wp-content\/uploads\/2024\/10\/Capture-decran-2024-10-10-a-14.47.18.png\",\"datePublished\":\"2024-10-09T16:08:43+00:00\",\"dateModified\":\"2025-11-30T00:15:27+00:00\",\"breadcrumb\":{\"@id\":\"https:\/\/ovee-architecture.fr\/index.php\/contact\/#breadcrumb\"},\"inLanguage\":\"en-US\",\"potentialAction\":[{\"@type\":\"ReadAction\",\"target\":[\"https:\/\/ovee-architecture.fr\/index.php\/contact\/\"]}]},{\"@type\":\"ImageObject\",\"inLanguage\":\"en-US\",\"@id\":\"https:\/\/ovee-architecture.fr\/index.php\/contact\/#primaryimage\",\"url\":\"https:\/\/ovee-architecture.fr\/wp-content\/uploads\/2024\/10\/Capture-decran-2024-10-10-a-14.47.18.png\",\"contentUrl\":\"https:\/\/ovee-architecture.fr\/wp-content\/uploads\/2024\/10\/Capture-decran-2024-10-10-a-14.47.18.png\",\"width\":334,\"height\":306},{\"@type\":\"BreadcrumbList\",\"@id\":\"https:\/\/ovee-architecture.fr\/index.php\/contact\/#breadcrumb\",\"itemListElement\":[{\"@type\":\"ListItem\",\"position\":1,\"name\":\"Accueil\",\"item\":\"https:\/\/ovee-architecture.fr\/\"},{\"@type\":\"ListItem\",\"position\":2,\"name\":\"Contact\"}]},{\"@type\":\"WebSite\",\"@id\":\"https:\/\/ovee-architecture.fr\/#website\",\"url\":\"https:\/\/ovee-architecture.fr\/\",\"name\":\"Ov\u00e9e Architecture\",\"description\":\" Architecture, architecture int\u00e9rieure, am\u00e9nagement, d\u00e9coration et art\",\"publisher\":{\"@id\":\"https:\/\/ovee-architecture.fr\/#organization\"},\"potentialAction\":[{\"@type\":\"SearchAction\",\"target\":{\"@type\":\"EntryPoint\",\"urlTemplate\":\"https:\/\/ovee-architecture.fr\/?s={search_term_string}\"},\"query-input\":{\"@type\":\"PropertyValueSpecification\",\"valueRequired\":true,\"valueName\":\"search_term_string\"}}],\"inLanguage\":\"en-US\"},{\"@type\":\"Organization\",\"@id\":\"https:\/\/ovee-architecture.fr\/#organization\",\"name\":\"Ov\u00e9e Architecture\",\"url\":\"https:\/\/ovee-architecture.fr\/\",\"logo\":{\"@type\":\"ImageObject\",\"inLanguage\":\"en-US\",\"@id\":\"https:\/\/ovee-architecture.fr\/#\/schema\/logo\/image\/\",\"url\":\"https:\/\/ovee-architecture.fr\/wp-content\/uploads\/2024\/10\/LOGO-OVEE.png\",\"contentUrl\":\"https:\/\/ovee-architecture.fr\/wp-content\/uploads\/2024\/10\/LOGO-OVEE.png\",\"width\":1165,\"height\":1036,\"caption\":\"Ov\u00e9e Architecture\"},\"image\":{\"@id\":\"https:\/\/ovee-architecture.fr\/#\/schema\/logo\/image\/\"}}]}<\/script>\n<!-- \/ Yoast SEO plugin. -->","yoast_head_json":{"title":"Contact - Ov\u00e9e Architecture","robots":{"index":"index","follow":"follow","max-snippet":"max-snippet:-1","max-image-preview":"max-image-preview:large","max-video-preview":"max-video-preview:-1"},"canonical":"https:\/\/ovee-architecture.fr\/index.php\/contact\/","og_locale":"en_US","og_type":"article","og_title":"Contact - Ov\u00e9e Architecture","og_description":"Oumayma Violette Hanoun. Horaires: Lundi-Vendredi 9:00AM &#8211; 5:30PM Phone: 07-83-10-64-69 Email: o.v.hanoun@gmail.com Zone d&#8217;intervention : France et International Je serais ravie de d\u00e9couvrir votre projet. Contactez-moi et nous pourrons \u00e9changer ensemble, puis organiser une visite sur site afin d\u2019\u00e9tudier votre demande dans les meilleures conditions. Nom * Email * Objet Message Envoyer If you are [&hellip;]","og_url":"https:\/\/ovee-architecture.fr\/index.php\/contact\/","og_site_name":"Ov\u00e9e Architecture","article_modified_time":"2025-11-30T00:15:27+00:00","og_image":[{"url":"http:\/\/ovee-architecture.fr\/wp-content\/uploads\/2024\/10\/Capture-decran-2024-10-10-a-14.47.18.png","type":"","width":"","height":""}],"twitter_card":"summary_large_image","twitter_misc":{"Est. reading time":"1 minute"},"schema":{"@context":"https:\/\/schema.org","@graph":[{"@type":"WebPage","@id":"https:\/\/ovee-architecture.fr\/index.php\/contact\/","url":"https:\/\/ovee-architecture.fr\/index.php\/contact\/","name":"Contact - Ov\u00e9e Architecture","isPartOf":{"@id":"https:\/\/ovee-architecture.fr\/#website"},"primaryImageOfPage":{"@id":"https:\/\/ovee-architecture.fr\/index.php\/contact\/#primaryimage"},"image":{"@id":"https:\/\/ovee-architecture.fr\/index.php\/contact\/#primaryimage"},"thumbnailUrl":"http:\/\/ovee-architecture.fr\/wp-content\/uploads\/2024\/10\/Capture-decran-2024-10-10-a-14.47.18.png","datePublished":"2024-10-09T16:08:43+00:00","dateModified":"2025-11-30T00:15:27+00:00","breadcrumb":{"@id":"https:\/\/ovee-architecture.fr\/index.php\/contact\/#breadcrumb"},"inLanguage":"en-US","potentialAction":[{"@type":"ReadAction","target":["https:\/\/ovee-architecture.fr\/index.php\/contact\/"]}]},{"@type":"ImageObject","inLanguage":"en-US","@id":"https:\/\/ovee-architecture.fr\/index.php\/contact\/#primaryimage","url":"https:\/\/ovee-architecture.fr\/wp-content\/uploads\/2024\/10\/Capture-decran-2024-10-10-a-14.47.18.png","contentUrl":"https:\/\/ovee-architecture.fr\/wp-content\/uploads\/2024\/10\/Capture-decran-2024-10-10-a-14.47.18.png","width":334,"height":306},{"@type":"BreadcrumbList","@id":"https:\/\/ovee-architecture.fr\/index.php\/contact\/#breadcrumb","itemListElement":[{"@type":"ListItem","position":1,"name":"Accueil","item":"https:\/\/ovee-architecture.fr\/"},{"@type":"ListItem","position":2,"name":"Contact"}]},{"@type":"WebSite","@id":"https:\/\/ovee-architecture.fr\/#website","url":"https:\/\/ovee-architecture.fr\/","name":"Ov\u00e9e Architecture","description":" Architecture, architecture int\u00e9rieure, am\u00e9nagement, d\u00e9coration et art","publisher":{"@id":"https:\/\/ovee-architecture.fr\/#organization"},"potentialAction":[{"@type":"SearchAction","target":{"@type":"EntryPoint","urlTemplate":"https:\/\/ovee-architecture.fr\/?s={search_term_string}"},"query-input":{"@type":"PropertyValueSpecification","valueRequired":true,"valueName":"search_term_string"}}],"inLanguage":"en-US"},{"@type":"Organization","@id":"https:\/\/ovee-architecture.fr\/#organization","name":"Ov\u00e9e Architecture","url":"https:\/\/ovee-architecture.fr\/","logo":{"@type":"ImageObject","inLanguage":"en-US","@id":"https:\/\/ovee-architecture.fr\/#\/schema\/logo\/image\/","url":"https:\/\/ovee-architecture.fr\/wp-content\/uploads\/2024\/10\/LOGO-OVEE.png","contentUrl":"https:\/\/ovee-architecture.fr\/wp-content\/uploads\/2024\/10\/LOGO-OVEE.png","width":1165,"height":1036,"caption":"Ov\u00e9e Architecture"},"image":{"@id":"https:\/\/ovee-architecture.fr\/#\/schema\/logo\/image\/"}}]}},"_links":{"self":[{"href":"https:\/\/ovee-architecture.fr\/index.php\/wp-json\/wp\/v2\/pages\/30","targetHints":{"allow":["GET"]}}],"collection":[{"href":"https:\/\/ovee-architecture.fr\/index.php\/wp-json\/wp\/v2\/pages"}],"about":[{"href":"https:\/\/ovee-architecture.fr\/index.php\/wp-json\/wp\/v2\/types\/page"}],"author":[{"embeddable":true,"href":"https:\/\/ovee-architecture.fr\/index.php\/wp-json\/wp\/v2\/users\/1"}],"replies":[{"embeddable":true,"href":"https:\/\/ovee-architecture.fr\/index.php\/wp-json\/wp\/v2\/comments?post=30"}],"version-history":[{"count":128,"href":"https:\/\/ovee-architecture.fr\/index.php\/wp-json\/wp\/v2\/pages\/30\/revisions"}],"predecessor-version":[{"id":1770,"href":"https:\/\/ovee-architecture.fr\/index.php\/wp-json\/wp\/v2\/pages\/30\/revisions\/1770"}],"wp:attachment":[{"href":"https:\/\/ovee-architecture.fr\/index.php\/wp-json\/wp\/v2\/media?parent=30"}],"curies":[{"name":"wp","href":"https:\/\/api.w.org\/{rel}","templated":true}]}}